{"id":532,"date":"2023-05-04T17:25:40","date_gmt":"2023-05-04T15:25:40","guid":{"rendered":"https:\/\/matopro.fr\/?post_type=product&#038;p=532"},"modified":"2023-06-15T10:27:04","modified_gmt":"2023-06-15T08:27:04","slug":"sf-ha-50","status":"publish","type":"product","link":"https:\/\/matopro.fr\/index.php\/produit\/sf-ha-50\/","title":{"rendered":"SF-HA 50 &#8211; filtre d&rsquo;\u00e9vacuation"},"content":{"rendered":"<p>Filtre d&rsquo;\u00e9vacuation SF-HA 50 :<\/p>\n<ul class=\"lis lis--check-icon\">\n<li class=\"js-tooltip-footnote\" data-co-code=\"ZPB_0000000000000000200020167_00\">Retient 99,95\u00a0% de tous les virus, germes et particules.*<\/li>\n<li data-co-code=\"ZPB_0000000000000000200020167_00\">Id\u00e9ale pour les personnes allergiques aux acariens<\/li>\n<li class=\"js-tooltip-footnote\" data-co-code=\"ZPB_0000000000000000200020164_00\">Avec l\u2019indicateur de saturation de filtre timestrip\u00ae<\/li>\n<li class=\"js-tooltip-footnote\" data-co-code=\"ZPB_0000000000000000200003076_00\">Remplacer le filtre chaque ann\u00e9e pour des performances optimales<\/li>\n<li class=\"js-tooltip-footnote\" data-co-code=\"ZPB_0000000000000000200020146_00\">Contenu\u00a0: 1 filtre<\/li>\n<li class=\"js-tooltip-footnote\" data-co-code=\"ZPB_0000000000000000200217831_00\">Notamment pour Complete\u00a0C2, Complete\u00a0C3, Compact\u00a0C1, Compact\u00a0C2<\/li>\n<\/ul>\n<p>* HEPA classe 13 selon DIN EN 1822\/2011 HEPA<\/p>\n","protected":false},"excerpt":{"rendered":"<p>Filtre AirClean\u00a0HEPA avec timestrip\u00ae retient bien la poussi\u00e8re fine et les particules allerg\u00e8nes.<\/p>\n","protected":false},"featured_media":566,"comment_status":"open","ping_status":"closed","template":"","meta":{"_uag_custom_page_level_css":"","swt_meta_header_display":false,"swt_meta_footer_display":false,"swt_meta_site_title_display":true,"swt_meta_sticky_header":false,"swt_meta_transparent_header":false,"advanced_seo_description":"","jetpack_seo_html_title":"","jetpack_seo_noindex":false,"jetpack_post_was_ever_published":false,"jetpack_publicize_message":"","jetpack_publicize_feature_enabled":true,"jetpack_social_post_already_shared":true,"jetpack_social_options":{"image_generator_settings":{"template":"highway","default_image_id":0,"font":"","enabled":false},"version":2}},"product_brand":[],"product_cat":[65,66],"product_tag":[63],"class_list":{"0":"post-532","1":"product","2":"type-product","3":"status-publish","4":"has-post-thumbnail","6":"product_cat-accessoires-pour-aspirateurs","7":"product_cat-filtres-devacuation","8":"product_tag-miele","10":"first","11":"instock","12":"taxable","13":"shipping-taxable","14":"purchasable","15":"product-type-simple"},"jetpack_publicize_connections":[],"uagb_featured_image_src":{"full":["https:\/\/i0.wp.com\/matopro.fr\/wp-content\/uploads\/2023\/05\/SF-HA-50.1.png?fit=734%2C479&ssl=1",734,479,false],"thumbnail":["https:\/\/i0.wp.com\/matopro.fr\/wp-content\/uploads\/2023\/05\/SF-HA-50.1.png?resize=150%2C150&ssl=1",150,150,true],"medium":["https:\/\/i0.wp.com\/matopro.fr\/wp-content\/uploads\/2023\/05\/SF-HA-50.1.png?fit=300%2C196&ssl=1",300,196,true],"medium_large":["https:\/\/i0.wp.com\/matopro.fr\/wp-content\/uploads\/2023\/05\/SF-HA-50.1.png?fit=734%2C479&ssl=1",734,479,true],"large":["https:\/\/i0.wp.com\/matopro.fr\/wp-content\/uploads\/2023\/05\/SF-HA-50.1.png?fit=734%2C479&ssl=1",734,479,true],"1536x1536":["https:\/\/i0.wp.com\/matopro.fr\/wp-content\/uploads\/2023\/05\/SF-HA-50.1.png?fit=734%2C479&ssl=1",734,479,true],"2048x2048":["https:\/\/i0.wp.com\/matopro.fr\/wp-content\/uploads\/2023\/05\/SF-HA-50.1.png?fit=734%2C479&ssl=1",734,479,true],"mailpoet_newsletter_max":["https:\/\/i0.wp.com\/matopro.fr\/wp-content\/uploads\/2023\/05\/SF-HA-50.1.png?fit=734%2C479&ssl=1",734,479,true],"woocommerce_thumbnail":["https:\/\/i0.wp.com\/matopro.fr\/wp-content\/uploads\/2023\/05\/SF-HA-50.1.png?resize=300%2C300&ssl=1",300,300,true],"woocommerce_single":["https:\/\/i0.wp.com\/matopro.fr\/wp-content\/uploads\/2023\/05\/SF-HA-50.1.png?fit=600%2C392&ssl=1",600,392,true],"woocommerce_gallery_thumbnail":["https:\/\/i0.wp.com\/matopro.fr\/wp-content\/uploads\/2023\/05\/SF-HA-50.1.png?resize=100%2C100&ssl=1",100,100,true],"jetpack-portfolio-admin-thumb":["https:\/\/i0.wp.com\/matopro.fr\/wp-content\/uploads\/2023\/05\/SF-HA-50.1.png?resize=50%2C50&ssl=1",50,50,true]},"uagb_author_info":{"display_name":"illona laurent","author_link":"https:\/\/matopro.fr\/index.php\/author\/"},"uagb_comment_info":0,"uagb_excerpt":"Filtre AirClean\u00a0HEPA avec timestrip\u00ae retient bien la poussi\u00e8re fine et les particules allerg\u00e8nes.","jetpack_sharing_enabled":false,"jetpack-related-posts":[{"id":579,"url":"https:\/\/matopro.fr\/index.php\/produit\/hyclean-fjm-sac-d-aspirateur\/","url_meta":{"origin":532,"position":0},"title":"HyClean FJM &#8211; sac d&rsquo;aspirateur","author":"illona laurent","date":"5 mai 2023","format":false,"excerpt":"Sac d'aspirateur HyClean 3D Efficiency FJM pour bien retenir la poussi\u00e8re aspir\u00e9e.","rel":"","context":"Article similaire","block_context":{"text":"Article similaire","link":""},"img":{"alt_text":"sac-aspirateur-fjm-1","src":"https:\/\/i0.wp.com\/matopro.fr\/wp-content\/uploads\/2023\/05\/FJM-HyClean.1.png?fit=666%2C464&ssl=1&resize=350%2C200","width":350,"height":200,"srcset":"https:\/\/i0.wp.com\/matopro.fr\/wp-content\/uploads\/2023\/05\/FJM-HyClean.1.png?fit=666%2C464&ssl=1&resize=350%2C200 1x, https:\/\/i0.wp.com\/matopro.fr\/wp-content\/uploads\/2023\/05\/FJM-HyClean.1.png?fit=666%2C464&ssl=1&resize=525%2C300 1.5x"},"classes":[]},{"id":585,"url":"https:\/\/matopro.fr\/index.php\/produit\/pack-xl-hyclean-3d-efficiency-fjm\/","url_meta":{"origin":532,"position":1},"title":"Pack XL HyClean FJM &#8211; sac d&rsquo;aspirateur","author":"illona laurent","date":"5 mai 2023","format":false,"excerpt":"Pack XL HyClean 3D Efficiency FJM, contient 8 sacs \u00e0 poussi\u00e8re. Disponible sur commande.","rel":"","context":"Article similaire","block_context":{"text":"Article similaire","link":""},"img":{"alt_text":"sac-aspirateur-fjm-2","src":"https:\/\/i0.wp.com\/matopro.fr\/wp-content\/uploads\/2023\/05\/XL-FJM-HyClean.1.png?fit=707%2C535&ssl=1&resize=350%2C200","width":350,"height":200,"srcset":"https:\/\/i0.wp.com\/matopro.fr\/wp-content\/uploads\/2023\/05\/XL-FJM-HyClean.1.png?fit=707%2C535&ssl=1&resize=350%2C200 1x, https:\/\/i0.wp.com\/matopro.fr\/wp-content\/uploads\/2023\/05\/XL-FJM-HyClean.1.png?fit=707%2C535&ssl=1&resize=525%2C300 1.5x, https:\/\/i0.wp.com\/matopro.fr\/wp-content\/uploads\/2023\/05\/XL-FJM-HyClean.1.png?fit=707%2C535&ssl=1&resize=700%2C400 2x"},"classes":[]},{"id":533,"url":"https:\/\/matopro.fr\/index.php\/produit\/hyclean-gn-sac-d-aspirateur\/","url_meta":{"origin":532,"position":2},"title":"HyClean GN &#8211; sac d&rsquo;aspirateur","author":"illona laurent","date":"4 mai 2023","format":false,"excerpt":"Sac aspirateur HyClean 3D Efficiency GN pour bien retenir la poussi\u00e8re aspir\u00e9e.","rel":"","context":"Article similaire","block_context":{"text":"Article similaire","link":""},"img":{"alt_text":"sac-aspirateur-gn Miele","src":"https:\/\/i0.wp.com\/matopro.fr\/wp-content\/uploads\/2023\/05\/GN-HyClean.1.png?fit=698%2C521&ssl=1&resize=350%2C200","width":350,"height":200,"srcset":"https:\/\/i0.wp.com\/matopro.fr\/wp-content\/uploads\/2023\/05\/GN-HyClean.1.png?fit=698%2C521&ssl=1&resize=350%2C200 1x, https:\/\/i0.wp.com\/matopro.fr\/wp-content\/uploads\/2023\/05\/GN-HyClean.1.png?fit=698%2C521&ssl=1&resize=525%2C300 1.5x"},"classes":[]},{"id":534,"url":"https:\/\/matopro.fr\/index.php\/produit\/pack-xl-hyclean-gn-sac-d-aspirateur\/","url_meta":{"origin":532,"position":3},"title":"Pack XL HyClean GN &#8211; sac d&rsquo;aspirateur","author":"illona laurent","date":"4 mai 2023","format":false,"excerpt":"Pack XL HyClean 3D Efficiency GN, contient 8 sacs \u00e0 poussi\u00e8re HyClean GN. Disponible sur commande.","rel":"","context":"Article similaire","block_context":{"text":"Article similaire","link":""},"img":{"alt_text":"sac-aspirateur-gn-2","src":"https:\/\/i0.wp.com\/matopro.fr\/wp-content\/uploads\/2023\/05\/XL-GN-HyClean.1.png?fit=694%2C489&ssl=1&resize=350%2C200","width":350,"height":200,"srcset":"https:\/\/i0.wp.com\/matopro.fr\/wp-content\/uploads\/2023\/05\/XL-GN-HyClean.1.png?fit=694%2C489&ssl=1&resize=350%2C200 1x, https:\/\/i0.wp.com\/matopro.fr\/wp-content\/uploads\/2023\/05\/XL-GN-HyClean.1.png?fit=694%2C489&ssl=1&resize=525%2C300 1.5x"},"classes":[]},{"id":514,"url":"https:\/\/matopro.fr\/index.php\/produit\/hx-fsf-filtre-a-poussires\/","url_meta":{"origin":532,"position":4},"title":"HX-FSF &#8211; filtre \u00e0 poussi\u00e8res","author":"illona laurent","date":"4 mai 2023","format":false,"excerpt":"Filtre \u00e0 poussi\u00e8res fines, filtre les plus fines particules de poussi\u00e8res dans l\u2019air.","rel":"","context":"Article similaire","block_context":{"text":"Article similaire","link":""},"img":{"alt_text":"filtre-a-poussieres-image-2","src":"https:\/\/i0.wp.com\/matopro.fr\/wp-content\/uploads\/2023\/05\/HX-FSF.2-1.jpg?fit=1001%2C1001&ssl=1&resize=350%2C200","width":350,"height":200,"srcset":"https:\/\/i0.wp.com\/matopro.fr\/wp-content\/uploads\/2023\/05\/HX-FSF.2-1.jpg?fit=1001%2C1001&ssl=1&resize=350%2C200 1x, https:\/\/i0.wp.com\/matopro.fr\/wp-content\/uploads\/2023\/05\/HX-FSF.2-1.jpg?fit=1001%2C1001&ssl=1&resize=525%2C300 1.5x, https:\/\/i0.wp.com\/matopro.fr\/wp-content\/uploads\/2023\/05\/HX-FSF.2-1.jpg?fit=1001%2C1001&ssl=1&resize=700%2C400 2x"},"classes":[]},{"id":589,"url":"https:\/\/matopro.fr\/index.php\/produit\/hyclean-kk-sac-d-aspirateur\/","url_meta":{"origin":532,"position":5},"title":"HyClean KK &#8211; sac d&rsquo;aspirateur","author":"illona laurent","date":"5 mai 2023","format":false,"excerpt":"Sac \u00e0 poussi\u00e8re HyClean KK pour bien retenir la poussi\u00e8re aspir\u00e9e.","rel":"","context":"Article similaire","block_context":{"text":"Article similaire","link":""},"img":{"alt_text":"sac-aspirateur-kk","src":"https:\/\/i0.wp.com\/matopro.fr\/wp-content\/uploads\/2023\/05\/HyClean-KK.1.png?fit=673%2C522&ssl=1&resize=350%2C200","width":350,"height":200,"srcset":"https:\/\/i0.wp.com\/matopro.fr\/wp-content\/uploads\/2023\/05\/HyClean-KK.1.png?fit=673%2C522&ssl=1&resize=350%2C200 1x, https:\/\/i0.wp.com\/matopro.fr\/wp-content\/uploads\/2023\/05\/HyClean-KK.1.png?fit=673%2C522&ssl=1&resize=525%2C300 1.5x"},"classes":[]}],"jetpack_likes_enabled":false,"_links":{"self":[{"href":"https:\/\/matopro.fr\/index.php\/wp-json\/wp\/v2\/product\/532","targetHints":{"allow":["GET"]}}],"collection":[{"href":"https:\/\/matopro.fr\/index.php\/wp-json\/wp\/v2\/product"}],"about":[{"href":"https:\/\/matopro.fr\/index.php\/wp-json\/wp\/v2\/types\/product"}],"replies":[{"embeddable":true,"href":"https:\/\/matopro.fr\/index.php\/wp-json\/wp\/v2\/comments?post=532"}],"wp:featuredmedia":[{"embeddable":true,"href":"https:\/\/matopro.fr\/index.php\/wp-json\/wp\/v2\/media\/566"}],"wp:attachment":[{"href":"https:\/\/matopro.fr\/index.php\/wp-json\/wp\/v2\/media?parent=532"}],"wp:term":[{"taxonomy":"product_brand","embeddable":true,"href":"https:\/\/matopro.fr\/index.php\/wp-json\/wp\/v2\/product_brand?post=532"},{"taxonomy":"product_cat","embeddable":true,"href":"https:\/\/matopro.fr\/index.php\/wp-json\/wp\/v2\/product_cat?post=532"},{"taxonomy":"product_tag","embeddable":true,"href":"https:\/\/matopro.fr\/index.php\/wp-json\/wp\/v2\/product_tag?post=532"}],"curies":[{"name":"wp","href":"https:\/\/api.w.org\/{rel}","templated":true}]}}