{"id":501,"date":"2023-05-03T17:41:48","date_gmt":"2023-05-03T15:41:48","guid":{"rendered":"https:\/\/matopro.fr\/?post_type=product&#038;p=501"},"modified":"2025-08-09T15:16:39","modified_gmt":"2025-08-09T13:16:39","slug":"cm-tabs","status":"publish","type":"product","link":"https:\/\/matopro.fr\/index.php\/produit\/cm-tabs\/","title":{"rendered":"CM Tabs"},"content":{"rendered":"<p>Principales caract\u00e9ristiques du d\u00e9tergent pour machine \u00e0 caf\u00e9 CM Tabs :<\/p>\n<p>R\u00e9f. :<\/p>\n<ul>\n<li>\u00c9limine efficacement les r\u00e9sidus des tanins de caf\u00e9.<\/li>\n<li>Enti\u00e8rement et rapidement soluble<\/li>\n<li>Nettoie en profondeur et rapidement.<\/li>\n<li>Facile \u00e0 manipuler et \u00e0 rincer<\/li>\n<li>Inodore, car les agents blanchissants sont \u00e0 base d&rsquo;oxyg\u00e8ne.<\/li>\n<\/ul>\n<p>Contient 200 pastilles de 2g.<\/p>\n","protected":false},"excerpt":{"rendered":"<p>Pastilles d\u00e9tergentes pour machine \u00e0 caf\u00e9. Uniquement pour un usage professionnel.<\/p>\n","protected":false},"featured_media":503,"comment_status":"open","ping_status":"closed","template":"","meta":{"_uag_custom_page_level_css":"","swt_meta_header_display":false,"swt_meta_footer_display":false,"swt_meta_site_title_display":true,"swt_meta_sticky_header":false,"swt_meta_transparent_header":false,"advanced_seo_description":"","jetpack_seo_html_title":"","jetpack_seo_noindex":false,"jetpack_publicize_message":"","jetpack_publicize_feature_enabled":true,"jetpack_social_post_already_shared":true,"jetpack_social_options":{"image_generator_settings":{"template":"highway","default_image_id":0,"font":"","enabled":false},"version":2}},"product_brand":[],"product_cat":[55],"product_tag":[52],"class_list":{"0":"post-501","1":"product","2":"type-product","3":"status-publish","4":"has-post-thumbnail","6":"product_cat-nettoyants-machine-a-cafe","7":"product_tag-neodisher-dr-weigert","9":"first","10":"instock","11":"taxable","12":"shipping-taxable","13":"purchasable","14":"product-type-simple"},"jetpack_publicize_connections":[],"uagb_featured_image_src":{"full":["https:\/\/i0.wp.com\/matopro.fr\/wp-content\/uploads\/2023\/05\/cm-tabs.png?fit=324%2C486&ssl=1",324,486,false],"thumbnail":["https:\/\/i0.wp.com\/matopro.fr\/wp-content\/uploads\/2023\/05\/cm-tabs.png?resize=150%2C150&ssl=1",150,150,true],"medium":["https:\/\/i0.wp.com\/matopro.fr\/wp-content\/uploads\/2023\/05\/cm-tabs.png?fit=200%2C300&ssl=1",200,300,true],"medium_large":["https:\/\/i0.wp.com\/matopro.fr\/wp-content\/uploads\/2023\/05\/cm-tabs.png?fit=324%2C486&ssl=1",324,486,true],"large":["https:\/\/i0.wp.com\/matopro.fr\/wp-content\/uploads\/2023\/05\/cm-tabs.png?fit=324%2C486&ssl=1",324,486,true],"1536x1536":["https:\/\/i0.wp.com\/matopro.fr\/wp-content\/uploads\/2023\/05\/cm-tabs.png?fit=324%2C486&ssl=1",324,486,true],"2048x2048":["https:\/\/i0.wp.com\/matopro.fr\/wp-content\/uploads\/2023\/05\/cm-tabs.png?fit=324%2C486&ssl=1",324,486,true],"mailpoet_newsletter_max":["https:\/\/i0.wp.com\/matopro.fr\/wp-content\/uploads\/2023\/05\/cm-tabs.png?fit=324%2C486&ssl=1",324,486,true],"woocommerce_thumbnail":["https:\/\/i0.wp.com\/matopro.fr\/wp-content\/uploads\/2023\/05\/cm-tabs.png?resize=300%2C300&ssl=1",300,300,true],"woocommerce_single":["https:\/\/i0.wp.com\/matopro.fr\/wp-content\/uploads\/2023\/05\/cm-tabs.png?fit=324%2C486&ssl=1",324,486,true],"woocommerce_gallery_thumbnail":["https:\/\/i0.wp.com\/matopro.fr\/wp-content\/uploads\/2023\/05\/cm-tabs.png?resize=100%2C100&ssl=1",100,100,true],"jetpack-portfolio-admin-thumb":["https:\/\/i0.wp.com\/matopro.fr\/wp-content\/uploads\/2023\/05\/cm-tabs.png?resize=50%2C50&ssl=1",50,50,true]},"uagb_author_info":{"display_name":"illona laurent","author_link":"https:\/\/matopro.fr\/index.php\/author\/"},"uagb_comment_info":0,"uagb_excerpt":"Pastilles d\u00e9tergentes pour machine \u00e0 caf\u00e9. Uniquement pour un usage professionnel.","jetpack_sharing_enabled":false,"jetpack-related-posts":[{"id":489,"url":"https:\/\/matopro.fr\/index.php\/produit\/brilliant-tabs\/","url_meta":{"origin":501,"position":0},"title":"Brilliant Tabs","author":"illona laurent","date":"3 mai 2023","format":false,"excerpt":"Principales caract\u00e9ristiques du produit Brilliant Tabs : R\u00e9f.32192 Sans chlore actif. Convient \u00e0 tous les types de vaisselle. Avec un parfum d'agrumes. Simple et pratique \u00e0 utiliser. Pour l'utilisation de machines avec un r\u00e9servoir et utilisant de l'eau fra\u00eeche. La bo\u00eete contient 60 pastilles.","rel":"","context":"Article similaire","block_context":{"text":"Article similaire","link":""},"img":{"alt_text":"brilliant-tabs","src":"https:\/\/i0.wp.com\/matopro.fr\/wp-content\/uploads\/2023\/05\/brillant-tabs.jpg?fit=355%2C314&ssl=1&resize=350%2C200","width":350,"height":200},"classes":[]},{"id":616,"url":"https:\/\/matopro.fr\/index.php\/produit\/nettoyant-machine-a-cafe\/","url_meta":{"origin":501,"position":1},"title":"Nettoyant machine \u00e0 caf\u00e9","author":"illona laurent","date":"5 mai 2023","format":false,"excerpt":"Nettoyant en tablettes, x 10 pi\u00e8ces - Pour les machines \u00e0 caf\u00e9, afin de garder intact le plaisir d'un bon caf\u00e9. R\u00e9f.10270530","rel":"","context":"Article similaire","block_context":{"text":"Article similaire","link":""},"img":{"alt_text":"nettoyant-machine-cafe","src":"https:\/\/i0.wp.com\/matopro.fr\/wp-content\/uploads\/2023\/05\/Nettoyant.1.png?fit=454%2C468&ssl=1&resize=350%2C200","width":350,"height":200},"classes":[]},{"id":612,"url":"https:\/\/matopro.fr\/index.php\/produit\/detartrant-machine-a-cafe\/","url_meta":{"origin":501,"position":2},"title":"D\u00e9tartrant machine \u00e0 caf\u00e9","author":"illona laurent","date":"5 mai 2023","format":false,"excerpt":"D\u00e9tartrant en tablettes, 6 pi\u00e8ces - Pour machine \u00e0 caf\u00e9, four vapeur, FashionMaster, four\/cuisini\u00e8re avec fonction HydraCook.","rel":"","context":"Article similaire","block_context":{"text":"Article similaire","link":""},"img":{"alt_text":"detartrant-machine-cafe","src":"https:\/\/i0.wp.com\/matopro.fr\/wp-content\/uploads\/2023\/05\/Detartrant.1.png?fit=591%2C466&ssl=1&resize=350%2C200","width":350,"height":200,"srcset":"https:\/\/i0.wp.com\/matopro.fr\/wp-content\/uploads\/2023\/05\/Detartrant.1.png?fit=591%2C466&ssl=1&resize=350%2C200 1x, https:\/\/i0.wp.com\/matopro.fr\/wp-content\/uploads\/2023\/05\/Detartrant.1.png?fit=591%2C466&ssl=1&resize=525%2C300 1.5x"},"classes":[]},{"id":322,"url":"https:\/\/matopro.fr\/index.php\/produit\/brilliant-clean\/","url_meta":{"origin":501,"position":3},"title":"Brilliant Clean 2,5 KG","author":"illona laurent","date":"20 avril 2023","format":false,"excerpt":"Poudre d\u00e9tergente universelle pour le lavage automatique de la vaisselle. Particuli\u00e8rement adapt\u00e9 au lave-vaisselle \u00e0 eau libre, au lave-vaisselle domestique et au petit lave-vaisselle \u00e0 r\u00e9servoir unique. G\u00e9n\u00e9ralement utilis\u00e9 pour le nettoyage automatis\u00e9 des verres, de la porcelaine, des couverts et des ustensiles de travail.","rel":"","context":"Article similaire","block_context":{"text":"Article similaire","link":""},"img":{"alt_text":"brilliant-clean","src":"https:\/\/i0.wp.com\/matopro.fr\/wp-content\/uploads\/2023\/04\/brilliant-clean-neodisher.jpg?fit=800%2C800&ssl=1&resize=350%2C200","width":350,"height":200,"srcset":"https:\/\/i0.wp.com\/matopro.fr\/wp-content\/uploads\/2023\/04\/brilliant-clean-neodisher.jpg?fit=800%2C800&ssl=1&resize=350%2C200 1x, https:\/\/i0.wp.com\/matopro.fr\/wp-content\/uploads\/2023\/04\/brilliant-clean-neodisher.jpg?fit=800%2C800&ssl=1&resize=525%2C300 1.5x, https:\/\/i0.wp.com\/matopro.fr\/wp-content\/uploads\/2023\/04\/brilliant-clean-neodisher.jpg?fit=800%2C800&ssl=1&resize=700%2C400 2x"},"classes":[]},{"id":465,"url":"https:\/\/matopro.fr\/index.php\/produit\/f-300-5-l\/","url_meta":{"origin":501,"position":4},"title":"F 300 &#8211; 5 L","author":"illona laurent","date":"3 mai 2023","format":false,"excerpt":"Ce\u00a0d\u00e9tergent\u00a0\u00e0 base de chlore actif est adapt\u00e9 au lavage des t\u00e2ches les plus tenaces, des fl\u00fbtes \u00e0 champagne aux chopes de bi\u00e8re en passant par les tasses de th\u00e9 ou de caf\u00e9 votre\u00a0vaisselle\u00a0sera impeccable La garantie d\u2019une brillance \u00e9clatante sur l\u2019argent et l\u2019acier inoxydable pour un nettoyage des couverts tout\u2026","rel":"","context":"Article similaire","block_context":{"text":"Article similaire","link":""},"img":{"alt_text":"f-300-5-l","src":"https:\/\/i0.wp.com\/matopro.fr\/wp-content\/uploads\/2023\/05\/F300-5L-winterhalter.jpeg?fit=756%2C1012&ssl=1&resize=350%2C200","width":350,"height":200,"srcset":"https:\/\/i0.wp.com\/matopro.fr\/wp-content\/uploads\/2023\/05\/F300-5L-winterhalter.jpeg?fit=756%2C1012&ssl=1&resize=350%2C200 1x, https:\/\/i0.wp.com\/matopro.fr\/wp-content\/uploads\/2023\/05\/F300-5L-winterhalter.jpeg?fit=756%2C1012&ssl=1&resize=525%2C300 1.5x, https:\/\/i0.wp.com\/matopro.fr\/wp-content\/uploads\/2023\/05\/F300-5L-winterhalter.jpeg?fit=756%2C1012&ssl=1&resize=700%2C400 2x"},"classes":[]},{"id":309,"url":"https:\/\/matopro.fr\/index.php\/produit\/f-300-12-kg\/","url_meta":{"origin":501,"position":5},"title":"F 300 &#8211; 12 kg","author":"illona laurent","date":"20 avril 2023","format":false,"excerpt":"Ce\u00a0d\u00e9tergent\u00a0\u00e0 base de chlore actif est adapt\u00e9 au lavage des t\u00e2ches les plus tenaces, des fl\u00fbtes \u00e0 champagne aux chopes de bi\u00e8re en passant par les tasses de th\u00e9 ou de caf\u00e9 votre\u00a0vaisselle\u00a0sera impeccable La garantie d\u2019une brillance \u00e9clatante sur l\u2019argent et l\u2019acier inoxydable pour un nettoyage des couverts tout\u2026","rel":"","context":"Article similaire","block_context":{"text":"Article similaire","link":""},"img":{"alt_text":"f-300-12-kg","src":"https:\/\/i0.wp.com\/matopro.fr\/wp-content\/uploads\/2023\/04\/F300-winterhalter.png?fit=520%2C300&ssl=1&resize=350%2C200","width":350,"height":200},"classes":[]}],"jetpack_likes_enabled":false,"_links":{"self":[{"href":"https:\/\/matopro.fr\/index.php\/wp-json\/wp\/v2\/product\/501","targetHints":{"allow":["GET"]}}],"collection":[{"href":"https:\/\/matopro.fr\/index.php\/wp-json\/wp\/v2\/product"}],"about":[{"href":"https:\/\/matopro.fr\/index.php\/wp-json\/wp\/v2\/types\/product"}],"replies":[{"embeddable":true,"href":"https:\/\/matopro.fr\/index.php\/wp-json\/wp\/v2\/comments?post=501"}],"wp:featuredmedia":[{"embeddable":true,"href":"https:\/\/matopro.fr\/index.php\/wp-json\/wp\/v2\/media\/503"}],"wp:attachment":[{"href":"https:\/\/matopro.fr\/index.php\/wp-json\/wp\/v2\/media?parent=501"}],"wp:term":[{"taxonomy":"product_brand","embeddable":true,"href":"https:\/\/matopro.fr\/index.php\/wp-json\/wp\/v2\/product_brand?post=501"},{"taxonomy":"product_cat","embeddable":true,"href":"https:\/\/matopro.fr\/index.php\/wp-json\/wp\/v2\/product_cat?post=501"},{"taxonomy":"product_tag","embeddable":true,"href":"https:\/\/matopro.fr\/index.php\/wp-json\/wp\/v2\/product_tag?post=501"}],"curies":[{"name":"wp","href":"https:\/\/api.w.org\/{rel}","templated":true}]}}