{"id":494,"date":"2023-05-03T16:43:34","date_gmt":"2023-05-03T14:43:34","guid":{"rendered":"https:\/\/matopro.fr\/?post_type=product&#038;p=494"},"modified":"2025-10-29T23:43:09","modified_gmt":"2025-10-29T22:43:09","slug":"neogrill","status":"publish","type":"product","link":"https:\/\/matopro.fr\/index.php\/produit\/neogrill\/","title":{"rendered":"Neogrill 0.75l"},"content":{"rendered":"<div>Utilisation du produit Neodisher Neogrill :<\/div>\n<div>R\u00e9f.323947<\/div>\n<ul>\n<li>fours, plaques de cuissons, automates \u00e0 convection, grills<\/li>\n<li>fours de boulangerie<\/li>\n<li>hottes en acier inoxydable<\/li>\n<\/ul>\n<p>D\u00e9tergent sp\u00e9cial et intensif \u00e9liminant les r\u00e9sidus alimentaires tenaces, incrust\u00e9s, br\u00fbl\u00e9s ou carbonis\u00e9s. Il enl\u00e8ve la calamine et le goudron sur les surfaces int\u00e9rieures des fours et des appareils de cuisson.<\/p>\n","protected":false},"excerpt":{"rendered":"<p>D\u00e9tergent intensif pour les fours et grills. Utilisation pour le nettoyage manuel en profondeur.<\/p>\n","protected":false},"featured_media":496,"comment_status":"open","ping_status":"closed","template":"","meta":{"_uag_custom_page_level_css":"","swt_meta_header_display":false,"swt_meta_footer_display":false,"swt_meta_site_title_display":true,"swt_meta_sticky_header":false,"swt_meta_transparent_header":false,"advanced_seo_description":"","jetpack_seo_html_title":"","jetpack_seo_noindex":false,"jetpack_post_was_ever_published":false,"jetpack_publicize_message":"","jetpack_publicize_feature_enabled":true,"jetpack_social_post_already_shared":true,"jetpack_social_options":{"image_generator_settings":{"template":"highway","default_image_id":0,"font":"","enabled":false},"version":2}},"product_brand":[],"product_cat":[56],"product_tag":[52],"class_list":{"0":"post-494","1":"product","2":"type-product","3":"status-publish","4":"has-post-thumbnail","6":"product_cat-detergents-four","7":"product_tag-neodisher-dr-weigert","9":"first","10":"instock","11":"taxable","12":"shipping-taxable","13":"purchasable","14":"product-type-simple"},"jetpack_publicize_connections":[],"uagb_featured_image_src":{"full":["https:\/\/i0.wp.com\/matopro.fr\/wp-content\/uploads\/2023\/05\/neodisher-grill.webp?fit=288%2C288&ssl=1",288,288,false],"thumbnail":["https:\/\/i0.wp.com\/matopro.fr\/wp-content\/uploads\/2023\/05\/neodisher-grill.webp?resize=150%2C150&ssl=1",150,150,true],"medium":["https:\/\/i0.wp.com\/matopro.fr\/wp-content\/uploads\/2023\/05\/neodisher-grill.webp?fit=288%2C288&ssl=1",288,288,true],"medium_large":["https:\/\/i0.wp.com\/matopro.fr\/wp-content\/uploads\/2023\/05\/neodisher-grill.webp?fit=288%2C288&ssl=1",288,288,true],"large":["https:\/\/i0.wp.com\/matopro.fr\/wp-content\/uploads\/2023\/05\/neodisher-grill.webp?fit=288%2C288&ssl=1",288,288,true],"1536x1536":["https:\/\/i0.wp.com\/matopro.fr\/wp-content\/uploads\/2023\/05\/neodisher-grill.webp?fit=288%2C288&ssl=1",288,288,true],"2048x2048":["https:\/\/i0.wp.com\/matopro.fr\/wp-content\/uploads\/2023\/05\/neodisher-grill.webp?fit=288%2C288&ssl=1",288,288,true],"mailpoet_newsletter_max":["https:\/\/i0.wp.com\/matopro.fr\/wp-content\/uploads\/2023\/05\/neodisher-grill.webp?fit=288%2C288&ssl=1",288,288,true],"woocommerce_thumbnail":["https:\/\/i0.wp.com\/matopro.fr\/wp-content\/uploads\/2023\/05\/neodisher-grill.webp?resize=288%2C288&ssl=1",288,288,true],"woocommerce_single":["https:\/\/i0.wp.com\/matopro.fr\/wp-content\/uploads\/2023\/05\/neodisher-grill.webp?fit=288%2C288&ssl=1",288,288,true],"woocommerce_gallery_thumbnail":["https:\/\/i0.wp.com\/matopro.fr\/wp-content\/uploads\/2023\/05\/neodisher-grill.webp?resize=100%2C100&ssl=1",100,100,true],"jetpack-portfolio-admin-thumb":["https:\/\/i0.wp.com\/matopro.fr\/wp-content\/uploads\/2023\/05\/neodisher-grill.webp?resize=50%2C50&ssl=1",50,50,true]},"uagb_author_info":{"display_name":"illona laurent","author_link":"https:\/\/matopro.fr\/index.php\/author\/"},"uagb_comment_info":0,"uagb_excerpt":"D\u00e9tergent intensif pour les fours et grills. Utilisation pour le nettoyage manuel en profondeur.","jetpack_sharing_enabled":false,"jetpack-related-posts":[{"id":498,"url":"https:\/\/matopro.fr\/index.php\/produit\/combi-clean\/","url_meta":{"origin":494,"position":0},"title":"Combi Clean 0.75l","author":"illona laurent","date":"3 mai 2023","format":false,"excerpt":"Pour le nettoyage manuel des fours mixtes, fours et grills ainsi que pour les fours avec un syst\u00e8me de nettoyage automatique.","rel":"","context":"Article similaire","block_context":{"text":"Article similaire","link":""},"img":{"alt_text":"combi-clean","src":"https:\/\/i0.wp.com\/matopro.fr\/wp-content\/uploads\/2023\/05\/combi-clean.png?fit=376%2C396&ssl=1&resize=350%2C200","width":350,"height":200},"classes":[]},{"id":313,"url":"https:\/\/matopro.fr\/index.php\/produit\/f-865-plus-25-kg\/","url_meta":{"origin":494,"position":1},"title":"F 865 Plus &#8211; 25 kg","author":"illona laurent","date":"20 avril 2023","format":false,"excerpt":"Convient afin de laver les ustensiles professionnels, pour les boulangeries, les boucheries, les restaurants, les h\u00f4tels et les traiteurs. Particuli\u00e8rement adapt\u00e9 pour le nettoyage des ustensiles tr\u00e8s sales comme les r\u00e9cipients, bois, plaques de cuisson, contenants de livraison, plateaux, pots et casseroles. Performant contre les salissures prot\u00e9in\u00e9es et les graisses.\u2026","rel":"","context":"Article similaire","block_context":{"text":"Article similaire","link":""},"img":{"alt_text":"f-865-plus-25-kg","src":"https:\/\/i0.wp.com\/matopro.fr\/wp-content\/uploads\/2023\/04\/F365Plus-winterhalter.jpg?fit=800%2C800&ssl=1&resize=350%2C200","width":350,"height":200,"srcset":"https:\/\/i0.wp.com\/matopro.fr\/wp-content\/uploads\/2023\/04\/F365Plus-winterhalter.jpg?fit=800%2C800&ssl=1&resize=350%2C200 1x, https:\/\/i0.wp.com\/matopro.fr\/wp-content\/uploads\/2023\/04\/F365Plus-winterhalter.jpg?fit=800%2C800&ssl=1&resize=525%2C300 1.5x, https:\/\/i0.wp.com\/matopro.fr\/wp-content\/uploads\/2023\/04\/F365Plus-winterhalter.jpg?fit=800%2C800&ssl=1&resize=700%2C400 2x"},"classes":[]},{"id":307,"url":"https:\/\/matopro.fr\/index.php\/produit\/f-6200\/","url_meta":{"origin":494,"position":2},"title":"F 6200 25 KG","author":"illona laurent","date":"20 avril 2023","format":false,"excerpt":"La propret\u00e9 et l\u2019hygi\u00e8ne sont essentiels dans votre lave-vaisselle, voici un d\u00e9tergent liquide intensif. Il est compos\u00e9 d\u2019agents blanchissants inodores et sans phosphate, ce qui permet d\u2019\u00e9liminer plus efficacement les taches, les r\u00e9sidus alimentaires dess\u00e9ch\u00e9s sur vos assiettes. Produit disponible seulement en bidon de 25 kg.","rel":"","context":"Article similaire","block_context":{"text":"Article similaire","link":""},"img":{"alt_text":"f-6200","src":"https:\/\/i0.wp.com\/matopro.fr\/wp-content\/uploads\/2023\/04\/F6200-25kg-winterhalter.jpg?fit=800%2C800&ssl=1&resize=350%2C200","width":350,"height":200,"srcset":"https:\/\/i0.wp.com\/matopro.fr\/wp-content\/uploads\/2023\/04\/F6200-25kg-winterhalter.jpg?fit=800%2C800&ssl=1&resize=350%2C200 1x, https:\/\/i0.wp.com\/matopro.fr\/wp-content\/uploads\/2023\/04\/F6200-25kg-winterhalter.jpg?fit=800%2C800&ssl=1&resize=525%2C300 1.5x, https:\/\/i0.wp.com\/matopro.fr\/wp-content\/uploads\/2023\/04\/F6200-25kg-winterhalter.jpg?fit=800%2C800&ssl=1&resize=700%2C400 2x"},"classes":[]},{"id":322,"url":"https:\/\/matopro.fr\/index.php\/produit\/brilliant-clean\/","url_meta":{"origin":494,"position":3},"title":"Brilliant Clean 2,5 KG","author":"illona laurent","date":"20 avril 2023","format":false,"excerpt":"Poudre d\u00e9tergente universelle pour le lavage automatique de la vaisselle. Particuli\u00e8rement adapt\u00e9 au lave-vaisselle \u00e0 eau libre, au lave-vaisselle domestique et au petit lave-vaisselle \u00e0 r\u00e9servoir unique. G\u00e9n\u00e9ralement utilis\u00e9 pour le nettoyage automatis\u00e9 des verres, de la porcelaine, des couverts et des ustensiles de travail.","rel":"","context":"Article similaire","block_context":{"text":"Article similaire","link":""},"img":{"alt_text":"brilliant-clean","src":"https:\/\/i0.wp.com\/matopro.fr\/wp-content\/uploads\/2023\/04\/brilliant-clean-neodisher.jpg?fit=800%2C800&ssl=1&resize=350%2C200","width":350,"height":200,"srcset":"https:\/\/i0.wp.com\/matopro.fr\/wp-content\/uploads\/2023\/04\/brilliant-clean-neodisher.jpg?fit=800%2C800&ssl=1&resize=350%2C200 1x, https:\/\/i0.wp.com\/matopro.fr\/wp-content\/uploads\/2023\/04\/brilliant-clean-neodisher.jpg?fit=800%2C800&ssl=1&resize=525%2C300 1.5x, https:\/\/i0.wp.com\/matopro.fr\/wp-content\/uploads\/2023\/04\/brilliant-clean-neodisher.jpg?fit=800%2C800&ssl=1&resize=700%2C400 2x"},"classes":[]},{"id":612,"url":"https:\/\/matopro.fr\/index.php\/produit\/detartrant-machine-a-cafe\/","url_meta":{"origin":494,"position":4},"title":"D\u00e9tartrant machine \u00e0 caf\u00e9","author":"illona laurent","date":"5 mai 2023","format":false,"excerpt":"D\u00e9tartrant en tablettes, 6 pi\u00e8ces - Pour machine \u00e0 caf\u00e9, four vapeur, FashionMaster, four\/cuisini\u00e8re avec fonction HydraCook.","rel":"","context":"Article similaire","block_context":{"text":"Article similaire","link":""},"img":{"alt_text":"detartrant-machine-cafe","src":"https:\/\/i0.wp.com\/matopro.fr\/wp-content\/uploads\/2023\/05\/Detartrant.1.png?fit=591%2C466&ssl=1&resize=350%2C200","width":350,"height":200,"srcset":"https:\/\/i0.wp.com\/matopro.fr\/wp-content\/uploads\/2023\/05\/Detartrant.1.png?fit=591%2C466&ssl=1&resize=350%2C200 1x, https:\/\/i0.wp.com\/matopro.fr\/wp-content\/uploads\/2023\/05\/Detartrant.1.png?fit=591%2C466&ssl=1&resize=525%2C300 1.5x"},"classes":[]},{"id":465,"url":"https:\/\/matopro.fr\/index.php\/produit\/f-300-5-l\/","url_meta":{"origin":494,"position":5},"title":"F 300 &#8211; 5 L","author":"illona laurent","date":"3 mai 2023","format":false,"excerpt":"Ce\u00a0d\u00e9tergent\u00a0\u00e0 base de chlore actif est adapt\u00e9 au lavage des t\u00e2ches les plus tenaces, des fl\u00fbtes \u00e0 champagne aux chopes de bi\u00e8re en passant par les tasses de th\u00e9 ou de caf\u00e9 votre\u00a0vaisselle\u00a0sera impeccable La garantie d\u2019une brillance \u00e9clatante sur l\u2019argent et l\u2019acier inoxydable pour un nettoyage des couverts tout\u2026","rel":"","context":"Article similaire","block_context":{"text":"Article similaire","link":""},"img":{"alt_text":"f-300-5-l","src":"https:\/\/i0.wp.com\/matopro.fr\/wp-content\/uploads\/2023\/05\/F300-5L-winterhalter.jpeg?fit=756%2C1012&ssl=1&resize=350%2C200","width":350,"height":200,"srcset":"https:\/\/i0.wp.com\/matopro.fr\/wp-content\/uploads\/2023\/05\/F300-5L-winterhalter.jpeg?fit=756%2C1012&ssl=1&resize=350%2C200 1x, https:\/\/i0.wp.com\/matopro.fr\/wp-content\/uploads\/2023\/05\/F300-5L-winterhalter.jpeg?fit=756%2C1012&ssl=1&resize=525%2C300 1.5x, https:\/\/i0.wp.com\/matopro.fr\/wp-content\/uploads\/2023\/05\/F300-5L-winterhalter.jpeg?fit=756%2C1012&ssl=1&resize=700%2C400 2x"},"classes":[]}],"jetpack_likes_enabled":false,"_links":{"self":[{"href":"https:\/\/matopro.fr\/index.php\/wp-json\/wp\/v2\/product\/494","targetHints":{"allow":["GET"]}}],"collection":[{"href":"https:\/\/matopro.fr\/index.php\/wp-json\/wp\/v2\/product"}],"about":[{"href":"https:\/\/matopro.fr\/index.php\/wp-json\/wp\/v2\/types\/product"}],"replies":[{"embeddable":true,"href":"https:\/\/matopro.fr\/index.php\/wp-json\/wp\/v2\/comments?post=494"}],"wp:featuredmedia":[{"embeddable":true,"href":"https:\/\/matopro.fr\/index.php\/wp-json\/wp\/v2\/media\/496"}],"wp:attachment":[{"href":"https:\/\/matopro.fr\/index.php\/wp-json\/wp\/v2\/media?parent=494"}],"wp:term":[{"taxonomy":"product_brand","embeddable":true,"href":"https:\/\/matopro.fr\/index.php\/wp-json\/wp\/v2\/product_brand?post=494"},{"taxonomy":"product_cat","embeddable":true,"href":"https:\/\/matopro.fr\/index.php\/wp-json\/wp\/v2\/product_cat?post=494"},{"taxonomy":"product_tag","embeddable":true,"href":"https:\/\/matopro.fr\/index.php\/wp-json\/wp\/v2\/product_tag?post=494"}],"curies":[{"name":"wp","href":"https:\/\/api.w.org\/{rel}","templated":true}]}}