{"id":489,"date":"2023-05-03T15:54:16","date_gmt":"2023-05-03T13:54:16","guid":{"rendered":"https:\/\/matopro.fr\/?post_type=product&#038;p=489"},"modified":"2026-01-20T11:29:45","modified_gmt":"2026-01-20T10:29:45","slug":"brilliant-tabs","status":"publish","type":"product","link":"https:\/\/matopro.fr\/index.php\/produit\/brilliant-tabs\/","title":{"rendered":"Brilliant Tabs"},"content":{"rendered":"<p>Principales caract\u00e9ristiques du produit Brilliant Tabs :<\/p>\n<p>R\u00e9f.32192<\/p>\n<ul>\n<li>Sans chlore actif.<\/li>\n<li>Convient \u00e0 tous les types de vaisselle.<\/li>\n<li>Avec un parfum d&rsquo;agrumes.<\/li>\n<li>Simple et pratique \u00e0 utiliser.<\/li>\n<\/ul>\n<p>Pour l&rsquo;utilisation de machines avec un r\u00e9servoir et utilisant de l&rsquo;eau fra\u00eeche.<\/p>\n<p>La bo\u00eete contient 60 pastilles.<\/p>\n","protected":false},"excerpt":{"rendered":"<p>Principales caract\u00e9ristiques du produit Brilliant Tabs : R\u00e9f.32192 Sans chlore actif. Convient \u00e0 tous les types de vaisselle. Avec un parfum d&rsquo;agrumes. Simple et pratique \u00e0 utiliser. Pour l&rsquo;utilisation de machines avec un r\u00e9servoir et utilisant de l&rsquo;eau fra\u00eeche. La bo\u00eete contient 60 pastilles.<\/p>\n","protected":false},"featured_media":490,"comment_status":"open","ping_status":"closed","template":"","meta":{"_uag_custom_page_level_css":"","swt_meta_header_display":false,"swt_meta_footer_display":false,"swt_meta_site_title_display":true,"swt_meta_sticky_header":false,"swt_meta_transparent_header":false,"advanced_seo_description":"","jetpack_seo_html_title":"","jetpack_seo_noindex":false,"jetpack_post_was_ever_published":false,"jetpack_publicize_message":"","jetpack_publicize_feature_enabled":true,"jetpack_social_post_already_shared":true,"jetpack_social_options":{"image_generator_settings":{"template":"highway","default_image_id":0,"font":"","enabled":false},"version":2}},"product_brand":[],"product_cat":[41,58],"product_tag":[52],"class_list":{"0":"post-489","1":"product","2":"type-product","3":"status-publish","4":"has-post-thumbnail","6":"product_cat-detergents-vaisselle","7":"product_cat-produits-lessiviels","8":"product_tag-neodisher-dr-weigert","10":"first","11":"instock","12":"taxable","13":"shipping-taxable","14":"purchasable","15":"product-type-simple"},"jetpack_publicize_connections":[],"uagb_featured_image_src":{"full":["https:\/\/i0.wp.com\/matopro.fr\/wp-content\/uploads\/2023\/05\/brillant-tabs.jpg?fit=355%2C314&ssl=1",355,314,false],"thumbnail":["https:\/\/i0.wp.com\/matopro.fr\/wp-content\/uploads\/2023\/05\/brillant-tabs.jpg?resize=150%2C150&ssl=1",150,150,true],"medium":["https:\/\/i0.wp.com\/matopro.fr\/wp-content\/uploads\/2023\/05\/brillant-tabs.jpg?fit=300%2C265&ssl=1",300,265,true],"medium_large":["https:\/\/i0.wp.com\/matopro.fr\/wp-content\/uploads\/2023\/05\/brillant-tabs.jpg?fit=355%2C314&ssl=1",355,314,true],"large":["https:\/\/i0.wp.com\/matopro.fr\/wp-content\/uploads\/2023\/05\/brillant-tabs.jpg?fit=355%2C314&ssl=1",355,314,true],"1536x1536":["https:\/\/i0.wp.com\/matopro.fr\/wp-content\/uploads\/2023\/05\/brillant-tabs.jpg?fit=355%2C314&ssl=1",355,314,true],"2048x2048":["https:\/\/i0.wp.com\/matopro.fr\/wp-content\/uploads\/2023\/05\/brillant-tabs.jpg?fit=355%2C314&ssl=1",355,314,true],"mailpoet_newsletter_max":["https:\/\/i0.wp.com\/matopro.fr\/wp-content\/uploads\/2023\/05\/brillant-tabs.jpg?fit=355%2C314&ssl=1",355,314,true],"woocommerce_thumbnail":["https:\/\/i0.wp.com\/matopro.fr\/wp-content\/uploads\/2023\/05\/brillant-tabs.jpg?resize=300%2C300&ssl=1",300,300,true],"woocommerce_single":["https:\/\/i0.wp.com\/matopro.fr\/wp-content\/uploads\/2023\/05\/brillant-tabs.jpg?fit=355%2C314&ssl=1",355,314,true],"woocommerce_gallery_thumbnail":["https:\/\/i0.wp.com\/matopro.fr\/wp-content\/uploads\/2023\/05\/brillant-tabs.jpg?resize=100%2C100&ssl=1",100,100,true],"jetpack-portfolio-admin-thumb":["https:\/\/i0.wp.com\/matopro.fr\/wp-content\/uploads\/2023\/05\/brillant-tabs.jpg?resize=50%2C50&ssl=1",50,50,true]},"uagb_author_info":{"display_name":"illona laurent","author_link":"https:\/\/matopro.fr\/index.php\/author\/"},"uagb_comment_info":0,"uagb_excerpt":"Principales caract\u00e9ristiques du produit Brilliant Tabs : R\u00e9f.32192 Sans chlore actif. Convient \u00e0 tous les types de vaisselle. Avec un parfum d&rsquo;agrumes. Simple et pratique \u00e0 utiliser. Pour l&rsquo;utilisation de machines avec un r\u00e9servoir et utilisant de l&rsquo;eau fra\u00eeche. La bo\u00eete contient 60 pastilles.","jetpack_sharing_enabled":false,"jetpack-related-posts":[{"id":324,"url":"https:\/\/matopro.fr\/index.php\/produit\/brilliant-dry\/","url_meta":{"origin":489,"position":0},"title":"Brilliant Dry 1L","author":"illona laurent","date":"20 avril 2023","format":false,"excerpt":"Pour une vaisselle, des couverts et des verres brillants et propre gr\u00e2ce \u00e0 la forte efficacit\u00e9 de l'acide citrique. Convient \u00e0 tous les mat\u00e9riaux tels que le verre, la porcelaine, le plastique, l'aluminium ou encore l'acier inoxydable.","rel":"","context":"Article similaire","block_context":{"text":"Article similaire","link":""},"img":{"alt_text":"brilliant-dry","src":"https:\/\/i0.wp.com\/matopro.fr\/wp-content\/uploads\/2023\/04\/brillant-dry-neodisher-1.jpg?fit=669%2C669&ssl=1&resize=350%2C200","width":350,"height":200,"srcset":"https:\/\/i0.wp.com\/matopro.fr\/wp-content\/uploads\/2023\/04\/brillant-dry-neodisher-1.jpg?fit=669%2C669&ssl=1&resize=350%2C200 1x, https:\/\/i0.wp.com\/matopro.fr\/wp-content\/uploads\/2023\/04\/brillant-dry-neodisher-1.jpg?fit=669%2C669&ssl=1&resize=525%2C300 1.5x"},"classes":[]},{"id":322,"url":"https:\/\/matopro.fr\/index.php\/produit\/brilliant-clean\/","url_meta":{"origin":489,"position":1},"title":"Brilliant Clean 2,5 KG","author":"illona laurent","date":"20 avril 2023","format":false,"excerpt":"Poudre d\u00e9tergente universelle pour le lavage automatique de la vaisselle. Particuli\u00e8rement adapt\u00e9 au lave-vaisselle \u00e0 eau libre, au lave-vaisselle domestique et au petit lave-vaisselle \u00e0 r\u00e9servoir unique. G\u00e9n\u00e9ralement utilis\u00e9 pour le nettoyage automatis\u00e9 des verres, de la porcelaine, des couverts et des ustensiles de travail.","rel":"","context":"Article similaire","block_context":{"text":"Article similaire","link":""},"img":{"alt_text":"brilliant-clean","src":"https:\/\/i0.wp.com\/matopro.fr\/wp-content\/uploads\/2023\/04\/brilliant-clean-neodisher.jpg?fit=800%2C800&ssl=1&resize=350%2C200","width":350,"height":200,"srcset":"https:\/\/i0.wp.com\/matopro.fr\/wp-content\/uploads\/2023\/04\/brilliant-clean-neodisher.jpg?fit=800%2C800&ssl=1&resize=350%2C200 1x, https:\/\/i0.wp.com\/matopro.fr\/wp-content\/uploads\/2023\/04\/brilliant-clean-neodisher.jpg?fit=800%2C800&ssl=1&resize=525%2C300 1.5x, https:\/\/i0.wp.com\/matopro.fr\/wp-content\/uploads\/2023\/04\/brilliant-clean-neodisher.jpg?fit=800%2C800&ssl=1&resize=700%2C400 2x"},"classes":[]},{"id":501,"url":"https:\/\/matopro.fr\/index.php\/produit\/cm-tabs\/","url_meta":{"origin":489,"position":2},"title":"CM Tabs","author":"illona laurent","date":"3 mai 2023","format":false,"excerpt":"Pastilles d\u00e9tergentes pour machine \u00e0 caf\u00e9. Uniquement pour un usage professionnel.","rel":"","context":"Article similaire","block_context":{"text":"Article similaire","link":""},"img":{"alt_text":"","src":"https:\/\/i0.wp.com\/matopro.fr\/wp-content\/uploads\/2023\/05\/cm-tabs.png?fit=324%2C486&ssl=1&resize=350%2C200","width":350,"height":200},"classes":[]},{"id":487,"url":"https:\/\/matopro.fr\/index.php\/produit\/nettoyant-pour-systeme-a-lait\/","url_meta":{"origin":489,"position":3},"title":"Nettoyant pour syst\u00e8me \u00e0 lait","author":"illona laurent","date":"3 mai 2023","format":false,"excerpt":"Produit pour machine \u00e0 espresso de la marque RANCILIO.","rel":"","context":"Article similaire","block_context":{"text":"Article similaire","link":""},"img":{"alt_text":"","src":"https:\/\/i0.wp.com\/matopro.fr\/wp-content\/uploads\/2023\/05\/Egro-acid-formulation-rancilio.jpeg?fit=300%2C300&ssl=1&resize=350%2C200","width":350,"height":200},"classes":[]},{"id":607,"url":"https:\/\/matopro.fr\/index.php\/produit\/twindoscare\/","url_meta":{"origin":489,"position":4},"title":"TwinDosCare","author":"illona laurent","date":"5 mai 2023","format":false,"excerpt":"Produit de nettoyage du syst\u00e8me TwinDos.","rel":"","context":"Article similaire","block_context":{"text":"Article similaire","link":""},"img":{"alt_text":"nettoyage-lave-linge","src":"https:\/\/i0.wp.com\/matopro.fr\/wp-content\/uploads\/2023\/05\/TwinDosCare.1.png?fit=571%2C571&ssl=1&resize=350%2C200","width":350,"height":200,"srcset":"https:\/\/i0.wp.com\/matopro.fr\/wp-content\/uploads\/2023\/05\/TwinDosCare.1.png?fit=571%2C571&ssl=1&resize=350%2C200 1x, https:\/\/i0.wp.com\/matopro.fr\/wp-content\/uploads\/2023\/05\/TwinDosCare.1.png?fit=571%2C571&ssl=1&resize=525%2C300 1.5x"},"classes":[]},{"id":494,"url":"https:\/\/matopro.fr\/index.php\/produit\/neogrill\/","url_meta":{"origin":489,"position":5},"title":"Neogrill 0.75l","author":"illona laurent","date":"3 mai 2023","format":false,"excerpt":"D\u00e9tergent intensif pour les fours et grills. Utilisation pour le nettoyage manuel en profondeur.","rel":"","context":"Article similaire","block_context":{"text":"Article similaire","link":""},"img":{"alt_text":"","src":"https:\/\/i0.wp.com\/matopro.fr\/wp-content\/uploads\/2023\/05\/neodisher-grill.webp?fit=288%2C288&ssl=1&resize=350%2C200","width":350,"height":200},"classes":[]}],"jetpack_likes_enabled":false,"_links":{"self":[{"href":"https:\/\/matopro.fr\/index.php\/wp-json\/wp\/v2\/product\/489","targetHints":{"allow":["GET"]}}],"collection":[{"href":"https:\/\/matopro.fr\/index.php\/wp-json\/wp\/v2\/product"}],"about":[{"href":"https:\/\/matopro.fr\/index.php\/wp-json\/wp\/v2\/types\/product"}],"replies":[{"embeddable":true,"href":"https:\/\/matopro.fr\/index.php\/wp-json\/wp\/v2\/comments?post=489"}],"wp:featuredmedia":[{"embeddable":true,"href":"https:\/\/matopro.fr\/index.php\/wp-json\/wp\/v2\/media\/490"}],"wp:attachment":[{"href":"https:\/\/matopro.fr\/index.php\/wp-json\/wp\/v2\/media?parent=489"}],"wp:term":[{"taxonomy":"product_brand","embeddable":true,"href":"https:\/\/matopro.fr\/index.php\/wp-json\/wp\/v2\/product_brand?post=489"},{"taxonomy":"product_cat","embeddable":true,"href":"https:\/\/matopro.fr\/index.php\/wp-json\/wp\/v2\/product_cat?post=489"},{"taxonomy":"product_tag","embeddable":true,"href":"https:\/\/matopro.fr\/index.php\/wp-json\/wp\/v2\/product_tag?post=489"}],"curies":[{"name":"wp","href":"https:\/\/api.w.org\/{rel}","templated":true}]}}