{"id":479,"date":"2023-05-03T11:36:43","date_gmt":"2023-05-03T09:36:43","guid":{"rendered":"https:\/\/matopro.fr\/?post_type=product&#038;p=479"},"modified":"2025-10-29T23:43:09","modified_gmt":"2025-10-29T22:43:09","slug":"a70-ls-12-kg","status":"publish","type":"product","link":"https:\/\/matopro.fr\/index.php\/produit\/a70-ls-12-kg\/","title":{"rendered":"A 70 LS &#8211; 12 kg"},"content":{"rendered":"<p>Principales caract\u00e9ristiques du d\u00e9tartrant A 70 LS &#8211; 12 kg :<\/p>\n<p>R\u00e9f.20000523<\/p>\n<ul>\n<li>D\u00e9tartrant min\u00e9ral \u00e0 base d&rsquo;acide phosphorique pour lave-vaisselle.<\/li>\n<li>Formulation sp\u00e9ciale sans acide chlorhydrique<\/li>\n<li>\u00c9limine en outre les r\u00e9sidus de graisse et d&rsquo;aliments qui se sont incrust\u00e9s dans les calcaires.<\/li>\n<li>Convient pour le d\u00e9tartrage de tous les types de vaisselle en verre, porcelaine, plastique, acier inoxydable ainsi que les couverts et au mat\u00e9riel en inox.<\/li>\n<li>Ne convient pas pour l&rsquo;argent, l&rsquo;aluminium et les alliages l\u00e9gers.<\/li>\n<li>Tr\u00e8s bon respect de la vaisselle et du mat\u00e9riel<\/li>\n<li>Odeur neutre et peu moussant<\/li>\n<\/ul>\n<p>Tous les emballages Winterhalter sont enti\u00e8rement\u00a0<strong>recyclables<\/strong>\u00a0et ses ingr\u00e9dients compl\u00e8tement\u00a0<strong>biod\u00e9gradables<\/strong>.<\/p>\n","protected":false},"excerpt":{"rendered":"<p>Un r\u00e9sultat de lavage id\u00e9al requiert des produits de lavage et de rin\u00e7age parfaitement adapt\u00e9s \u00e0 la vaisselle, \u00e0 son degr\u00e9 de salissure, aux dispositions en mati\u00e8re d\u2019hygi\u00e8ne et bien entendu au lave-vaisselle.<\/p>\n<p>Produit disponible en bidon de 12 kg et de 5 L.<\/p>\n","protected":false},"featured_media":480,"comment_status":"open","ping_status":"closed","template":"","meta":{"_uag_custom_page_level_css":"","swt_meta_header_display":false,"swt_meta_footer_display":false,"swt_meta_site_title_display":true,"swt_meta_sticky_header":false,"swt_meta_transparent_header":false,"advanced_seo_description":"","jetpack_seo_html_title":"","jetpack_seo_noindex":false,"jetpack_post_was_ever_published":false,"jetpack_publicize_message":"","jetpack_publicize_feature_enabled":true,"jetpack_social_post_already_shared":true,"jetpack_social_options":{"image_generator_settings":{"template":"highway","default_image_id":0,"font":"","enabled":false},"version":2}},"product_brand":[],"product_cat":[59,71],"product_tag":[54],"class_list":{"0":"post-479","1":"product","2":"type-product","3":"status-publish","4":"has-post-thumbnail","6":"product_cat-detartrant-lave-vaisselle","7":"product_cat-lave-vaisselles","8":"product_tag-winterhalter","10":"first","11":"instock","12":"taxable","13":"shipping-taxable","14":"purchasable","15":"product-type-simple"},"jetpack_publicize_connections":[],"uagb_featured_image_src":{"full":["https:\/\/i0.wp.com\/matopro.fr\/wp-content\/uploads\/2023\/05\/a70-ls-winterhalter.jpg?fit=600%2C600&ssl=1",600,600,false],"thumbnail":["https:\/\/i0.wp.com\/matopro.fr\/wp-content\/uploads\/2023\/05\/a70-ls-winterhalter.jpg?resize=150%2C150&ssl=1",150,150,true],"medium":["https:\/\/i0.wp.com\/matopro.fr\/wp-content\/uploads\/2023\/05\/a70-ls-winterhalter.jpg?fit=300%2C300&ssl=1",300,300,true],"medium_large":["https:\/\/i0.wp.com\/matopro.fr\/wp-content\/uploads\/2023\/05\/a70-ls-winterhalter.jpg?fit=600%2C600&ssl=1",600,600,true],"large":["https:\/\/i0.wp.com\/matopro.fr\/wp-content\/uploads\/2023\/05\/a70-ls-winterhalter.jpg?fit=600%2C600&ssl=1",600,600,true],"1536x1536":["https:\/\/i0.wp.com\/matopro.fr\/wp-content\/uploads\/2023\/05\/a70-ls-winterhalter.jpg?fit=600%2C600&ssl=1",600,600,true],"2048x2048":["https:\/\/i0.wp.com\/matopro.fr\/wp-content\/uploads\/2023\/05\/a70-ls-winterhalter.jpg?fit=600%2C600&ssl=1",600,600,true],"mailpoet_newsletter_max":["https:\/\/i0.wp.com\/matopro.fr\/wp-content\/uploads\/2023\/05\/a70-ls-winterhalter.jpg?fit=600%2C600&ssl=1",600,600,true],"woocommerce_thumbnail":["https:\/\/i0.wp.com\/matopro.fr\/wp-content\/uploads\/2023\/05\/a70-ls-winterhalter.jpg?resize=300%2C300&ssl=1",300,300,true],"woocommerce_single":["https:\/\/i0.wp.com\/matopro.fr\/wp-content\/uploads\/2023\/05\/a70-ls-winterhalter.jpg?fit=600%2C600&ssl=1",600,600,true],"woocommerce_gallery_thumbnail":["https:\/\/i0.wp.com\/matopro.fr\/wp-content\/uploads\/2023\/05\/a70-ls-winterhalter.jpg?resize=100%2C100&ssl=1",100,100,true],"jetpack-portfolio-admin-thumb":["https:\/\/i0.wp.com\/matopro.fr\/wp-content\/uploads\/2023\/05\/a70-ls-winterhalter.jpg?resize=50%2C50&ssl=1",50,50,true]},"uagb_author_info":{"display_name":"illona laurent","author_link":"https:\/\/matopro.fr\/index.php\/author\/"},"uagb_comment_info":0,"uagb_excerpt":"Un r\u00e9sultat de lavage id\u00e9al requiert des produits de lavage et de rin\u00e7age parfaitement adapt\u00e9s \u00e0 la vaisselle, \u00e0 son degr\u00e9 de salissure, aux dispositions en mati\u00e8re d\u2019hygi\u00e8ne et bien entendu au lave-vaisselle. Produit disponible en bidon de 12 kg et de 5 L.","jetpack_sharing_enabled":false,"jetpack-related-posts":[{"id":483,"url":"https:\/\/matopro.fr\/index.php\/produit\/a-70-ls-5-l\/","url_meta":{"origin":479,"position":0},"title":"A 70 LS &#8211; 5 L","author":"illona laurent","date":"3 mai 2023","format":false,"excerpt":"Un r\u00e9sultat de lavage id\u00e9al requiert des produits de lavage et de rin\u00e7age parfaitement adapt\u00e9s \u00e0 la vaisselle, \u00e0 son degr\u00e9 de salissure, aux dispositions en mati\u00e8re d\u2019hygi\u00e8ne et bien entendu au lave-vaisselle. Produit disponible en bidon de 5 L et de 12 kg.","rel":"","context":"Article similaire","block_context":{"text":"Article similaire","link":""},"img":{"alt_text":"a-70-ls","src":"https:\/\/i0.wp.com\/matopro.fr\/wp-content\/uploads\/2023\/05\/a70-ls-5-l-winterhalter.webp?fit=1024%2C1024&ssl=1&resize=350%2C200","width":350,"height":200,"srcset":"https:\/\/i0.wp.com\/matopro.fr\/wp-content\/uploads\/2023\/05\/a70-ls-5-l-winterhalter.webp?fit=1024%2C1024&ssl=1&resize=350%2C200 1x, https:\/\/i0.wp.com\/matopro.fr\/wp-content\/uploads\/2023\/05\/a70-ls-5-l-winterhalter.webp?fit=1024%2C1024&ssl=1&resize=525%2C300 1.5x, https:\/\/i0.wp.com\/matopro.fr\/wp-content\/uploads\/2023\/05\/a70-ls-5-l-winterhalter.webp?fit=1024%2C1024&ssl=1&resize=700%2C400 2x"},"classes":[]},{"id":309,"url":"https:\/\/matopro.fr\/index.php\/produit\/f-300-12-kg\/","url_meta":{"origin":479,"position":1},"title":"F 300 &#8211; 12 kg","author":"illona laurent","date":"20 avril 2023","format":false,"excerpt":"Ce\u00a0d\u00e9tergent\u00a0\u00e0 base de chlore actif est adapt\u00e9 au lavage des t\u00e2ches les plus tenaces, des fl\u00fbtes \u00e0 champagne aux chopes de bi\u00e8re en passant par les tasses de th\u00e9 ou de caf\u00e9 votre\u00a0vaisselle\u00a0sera impeccable La garantie d\u2019une brillance \u00e9clatante sur l\u2019argent et l\u2019acier inoxydable pour un nettoyage des couverts tout\u2026","rel":"","context":"Article similaire","block_context":{"text":"Article similaire","link":""},"img":{"alt_text":"f-300-12-kg","src":"https:\/\/i0.wp.com\/matopro.fr\/wp-content\/uploads\/2023\/04\/F300-winterhalter.png?fit=520%2C300&ssl=1&resize=350%2C200","width":350,"height":200},"classes":[]},{"id":311,"url":"https:\/\/matopro.fr\/index.php\/produit\/f-300-25-kg\/","url_meta":{"origin":479,"position":2},"title":"F 300 &#8211; 25 kg","author":"illona laurent","date":"20 avril 2023","format":false,"excerpt":"Ce\u00a0d\u00e9tergent\u00a0\u00e0 base de chlore actif est adapt\u00e9 au lavage des t\u00e2ches les plus tenaces, des fl\u00fbtes \u00e0 champagne aux chopes de bi\u00e8re en passant par les tasses de th\u00e9 ou de caf\u00e9 votre\u00a0vaisselle\u00a0sera impeccable La garantie d'une brillance \u00e9clatante sur l'argent et l'acier inoxydable pour un nettoyage des couverts tout\u2026","rel":"","context":"Article similaire","block_context":{"text":"Article similaire","link":""},"img":{"alt_text":"f-300-25-kg","src":"https:\/\/i0.wp.com\/matopro.fr\/wp-content\/uploads\/2023\/04\/F300-25kg-winterhalter.jpg?fit=572%2C800&ssl=1&resize=350%2C200","width":350,"height":200,"srcset":"https:\/\/i0.wp.com\/matopro.fr\/wp-content\/uploads\/2023\/04\/F300-25kg-winterhalter.jpg?fit=572%2C800&ssl=1&resize=350%2C200 1x, https:\/\/i0.wp.com\/matopro.fr\/wp-content\/uploads\/2023\/04\/F300-25kg-winterhalter.jpg?fit=572%2C800&ssl=1&resize=525%2C300 1.5x"},"classes":[]},{"id":465,"url":"https:\/\/matopro.fr\/index.php\/produit\/f-300-5-l\/","url_meta":{"origin":479,"position":3},"title":"F 300 &#8211; 5 L","author":"illona laurent","date":"3 mai 2023","format":false,"excerpt":"Ce\u00a0d\u00e9tergent\u00a0\u00e0 base de chlore actif est adapt\u00e9 au lavage des t\u00e2ches les plus tenaces, des fl\u00fbtes \u00e0 champagne aux chopes de bi\u00e8re en passant par les tasses de th\u00e9 ou de caf\u00e9 votre\u00a0vaisselle\u00a0sera impeccable La garantie d\u2019une brillance \u00e9clatante sur l\u2019argent et l\u2019acier inoxydable pour un nettoyage des couverts tout\u2026","rel":"","context":"Article similaire","block_context":{"text":"Article similaire","link":""},"img":{"alt_text":"f-300-5-l","src":"https:\/\/i0.wp.com\/matopro.fr\/wp-content\/uploads\/2023\/05\/F300-5L-winterhalter.jpeg?fit=756%2C1012&ssl=1&resize=350%2C200","width":350,"height":200,"srcset":"https:\/\/i0.wp.com\/matopro.fr\/wp-content\/uploads\/2023\/05\/F300-5L-winterhalter.jpeg?fit=756%2C1012&ssl=1&resize=350%2C200 1x, https:\/\/i0.wp.com\/matopro.fr\/wp-content\/uploads\/2023\/05\/F300-5L-winterhalter.jpeg?fit=756%2C1012&ssl=1&resize=525%2C300 1.5x, https:\/\/i0.wp.com\/matopro.fr\/wp-content\/uploads\/2023\/05\/F300-5L-winterhalter.jpeg?fit=756%2C1012&ssl=1&resize=700%2C400 2x"},"classes":[]},{"id":485,"url":"https:\/\/matopro.fr\/index.php\/produit\/a20-st\/","url_meta":{"origin":479,"position":4},"title":"A20 ST","author":"illona laurent","date":"3 mai 2023","format":false,"excerpt":"Convient pour le nettoyage de base en machine de la vaisselle et des couverts. Le produit doit \u00eatre utilis\u00e9 comme d\u00e9tergent de base uniquement dans le programme de lavage pr\u00e9vu \u00e0 cet effet. Il permet un nettoyage m\u00e9canique rapide et \u00e9conomique. Produit disponible seulement en 1 kg. \u00a0","rel":"","context":"Article similaire","block_context":{"text":"Article similaire","link":""},"img":{"alt_text":"","src":"https:\/\/i0.wp.com\/matopro.fr\/wp-content\/uploads\/2023\/05\/a20-st-winterhalter.jpg?fit=290%2C600&ssl=1&resize=350%2C200","width":350,"height":200},"classes":[]},{"id":1069,"url":"https:\/\/matopro.fr\/index.php\/produit\/p-300-10-kg\/","url_meta":{"origin":479,"position":5},"title":"P 300 &#8211; 10 kg","author":"illona laurent","date":"26 mai 2023","format":false,"excerpt":"Convient aux lave-vaisselle professionnels \u00e0 porte d'entr\u00e9e et \u00e0 panier pour les restaurants, les h\u00f4tels et les cuisines de cantine. Ce produit \u00e9limine efficacement les r\u00e9sidus de caf\u00e9 et de th\u00e9 s\u00e9ch\u00e9s et autres colorants ainsi que les r\u00e9sidus alimentaires l\u00e9g\u00e8rement s\u00e9ch\u00e9s. Pr\u00e9-v\u00e9rifier l'aluminium anodis\u00e9 et les alliages de m\u00e9taux\u2026","rel":"","context":"Article similaire","block_context":{"text":"Article similaire","link":""},"img":{"alt_text":"p-300-10-kg","src":"https:\/\/i0.wp.com\/matopro.fr\/wp-content\/uploads\/2023\/05\/P300-10kg-winterhalter.png?fit=375%2C314&ssl=1&resize=350%2C200","width":350,"height":200},"classes":[]}],"jetpack_likes_enabled":false,"_links":{"self":[{"href":"https:\/\/matopro.fr\/index.php\/wp-json\/wp\/v2\/product\/479","targetHints":{"allow":["GET"]}}],"collection":[{"href":"https:\/\/matopro.fr\/index.php\/wp-json\/wp\/v2\/product"}],"about":[{"href":"https:\/\/matopro.fr\/index.php\/wp-json\/wp\/v2\/types\/product"}],"replies":[{"embeddable":true,"href":"https:\/\/matopro.fr\/index.php\/wp-json\/wp\/v2\/comments?post=479"}],"wp:featuredmedia":[{"embeddable":true,"href":"https:\/\/matopro.fr\/index.php\/wp-json\/wp\/v2\/media\/480"}],"wp:attachment":[{"href":"https:\/\/matopro.fr\/index.php\/wp-json\/wp\/v2\/media?parent=479"}],"wp:term":[{"taxonomy":"product_brand","embeddable":true,"href":"https:\/\/matopro.fr\/index.php\/wp-json\/wp\/v2\/product_brand?post=479"},{"taxonomy":"product_cat","embeddable":true,"href":"https:\/\/matopro.fr\/index.php\/wp-json\/wp\/v2\/product_cat?post=479"},{"taxonomy":"product_tag","embeddable":true,"href":"https:\/\/matopro.fr\/index.php\/wp-json\/wp\/v2\/product_tag?post=479"}],"curies":[{"name":"wp","href":"https:\/\/api.w.org\/{rel}","templated":true}]}}