{"id":467,"date":"2023-05-03T10:14:51","date_gmt":"2023-05-03T08:14:51","guid":{"rendered":"https:\/\/matopro.fr\/?post_type=product&#038;p=467"},"modified":"2023-06-15T11:49:25","modified_gmt":"2023-06-15T09:49:25","slug":"f-420-e-5-l","status":"publish","type":"product","link":"https:\/\/matopro.fr\/index.php\/produit\/f-420-e-5-l\/","title":{"rendered":"F 420 e &#8211; 5 L"},"content":{"rendered":"<p>Principales caract\u00e9ristiques du d\u00e9tergent liquide F 420 e &#8211; 5 L :<\/p>\n<p>R\u00e9f.20004401<\/p>\n<ul>\n<li>Inodore, sans chlore ni phosphate<\/li>\n<li>Tr\u00e8s efficace sur les prot\u00e9ines, la pulpe de fruits et les r\u00e9sidus de min\u00e9raux<\/li>\n<li>Respectueux de l\u2019environnement<\/li>\n<\/ul>\n<p>Tous les emballages Winterhalter sont enti\u00e8rement\u00a0<strong>recyclables<\/strong>\u00a0et ses ingr\u00e9dients compl\u00e8tement\u00a0<strong>biod\u00e9gradables<\/strong>.<\/p>\n","protected":false},"excerpt":{"rendered":"<p>Le d\u00e9tergent F420e est un d\u00e9tergent liquide alcalin pour la vaisselle et les verres, particuli\u00e8rement adapt\u00e9 \u00e0 une eau dure sans NTA. Il est adapt\u00e9 aux lave verres avec osmoseur pour arr\u00eater les essuyages.<\/p>\n<p>Ce produit est certifi\u00e9 conforme au label \u00e9cologique europ\u00e9en \u2013 EU Ecolabel.<\/p>\n<p>Produit disponible en bidon de 5 L, 25 kg et 12 kg.<\/p>\n","protected":false},"featured_media":468,"comment_status":"open","ping_status":"closed","template":"","meta":{"_uag_custom_page_level_css":"","swt_meta_header_display":false,"swt_meta_footer_display":false,"swt_meta_site_title_display":true,"swt_meta_sticky_header":false,"swt_meta_transparent_header":false,"advanced_seo_description":"","jetpack_seo_html_title":"","jetpack_seo_noindex":false,"jetpack_post_was_ever_published":false,"jetpack_publicize_message":"","jetpack_publicize_feature_enabled":true,"jetpack_social_post_already_shared":true,"jetpack_social_options":{"image_generator_settings":{"template":"highway","default_image_id":0,"font":"","enabled":false},"version":2}},"product_brand":[],"product_cat":[41,58],"product_tag":[54],"class_list":{"0":"post-467","1":"product","2":"type-product","3":"status-publish","4":"has-post-thumbnail","6":"product_cat-detergents-vaisselle","7":"product_cat-produits-lessiviels","8":"product_tag-winterhalter","10":"first","11":"instock","12":"taxable","13":"shipping-taxable","14":"purchasable","15":"product-type-simple"},"jetpack_publicize_connections":[],"uagb_featured_image_src":{"full":["https:\/\/i0.wp.com\/matopro.fr\/wp-content\/uploads\/2023\/05\/f420-5l-winterhalter.jpg?fit=1000%2C1000&ssl=1",1000,1000,false],"thumbnail":["https:\/\/i0.wp.com\/matopro.fr\/wp-content\/uploads\/2023\/05\/f420-5l-winterhalter.jpg?resize=150%2C150&ssl=1",150,150,true],"medium":["https:\/\/i0.wp.com\/matopro.fr\/wp-content\/uploads\/2023\/05\/f420-5l-winterhalter.jpg?fit=300%2C300&ssl=1",300,300,true],"medium_large":["https:\/\/i0.wp.com\/matopro.fr\/wp-content\/uploads\/2023\/05\/f420-5l-winterhalter.jpg?fit=768%2C768&ssl=1",768,768,true],"large":["https:\/\/i0.wp.com\/matopro.fr\/wp-content\/uploads\/2023\/05\/f420-5l-winterhalter.jpg?fit=1000%2C1000&ssl=1",1000,1000,true],"1536x1536":["https:\/\/i0.wp.com\/matopro.fr\/wp-content\/uploads\/2023\/05\/f420-5l-winterhalter.jpg?fit=1000%2C1000&ssl=1",1000,1000,true],"2048x2048":["https:\/\/i0.wp.com\/matopro.fr\/wp-content\/uploads\/2023\/05\/f420-5l-winterhalter.jpg?fit=1000%2C1000&ssl=1",1000,1000,true],"mailpoet_newsletter_max":["https:\/\/i0.wp.com\/matopro.fr\/wp-content\/uploads\/2023\/05\/f420-5l-winterhalter.jpg?fit=1000%2C1000&ssl=1",1000,1000,true],"woocommerce_thumbnail":["https:\/\/i0.wp.com\/matopro.fr\/wp-content\/uploads\/2023\/05\/f420-5l-winterhalter.jpg?resize=300%2C300&ssl=1",300,300,true],"woocommerce_single":["https:\/\/i0.wp.com\/matopro.fr\/wp-content\/uploads\/2023\/05\/f420-5l-winterhalter.jpg?fit=600%2C600&ssl=1",600,600,true],"woocommerce_gallery_thumbnail":["https:\/\/i0.wp.com\/matopro.fr\/wp-content\/uploads\/2023\/05\/f420-5l-winterhalter.jpg?resize=100%2C100&ssl=1",100,100,true],"jetpack-portfolio-admin-thumb":["https:\/\/i0.wp.com\/matopro.fr\/wp-content\/uploads\/2023\/05\/f420-5l-winterhalter.jpg?resize=50%2C50&ssl=1",50,50,true]},"uagb_author_info":{"display_name":"illona laurent","author_link":"https:\/\/matopro.fr\/index.php\/author\/"},"uagb_comment_info":0,"uagb_excerpt":"Le d\u00e9tergent F420e est un d\u00e9tergent liquide alcalin pour la vaisselle et les verres, particuli\u00e8rement adapt\u00e9 \u00e0 une eau dure sans NTA. Il est adapt\u00e9 aux lave verres avec osmoseur pour arr\u00eater les essuyages. Ce produit est certifi\u00e9 conforme au label \u00e9cologique europ\u00e9en \u2013 EU Ecolabel. Produit disponible en bidon de 5 L, 25 kg\u2026","jetpack_sharing_enabled":false,"jetpack-related-posts":[{"id":469,"url":"https:\/\/matopro.fr\/index.php\/produit\/f-420-e-25-kg\/","url_meta":{"origin":467,"position":0},"title":"F 420 e &#8211; 25 kg","author":"illona laurent","date":"3 mai 2023","format":false,"excerpt":"Le d\u00e9tergent F420 e est un d\u00e9tergent liquide alcalin pour la vaisselle et les verres, particuli\u00e8rement adapt\u00e9 \u00e0 une eau dure sans NTA. Il est adapt\u00e9 aux lave verres avec osmoseur pour arr\u00eater les essuyages. Ce produit est certifi\u00e9 conforme au label \u00e9cologique europ\u00e9en - EU Ecolabel. Produit disponible en\u2026","rel":"","context":"Article similaire","block_context":{"text":"Article similaire","link":""},"img":{"alt_text":"f-420-e-25-kg","src":"https:\/\/i0.wp.com\/matopro.fr\/wp-content\/uploads\/2023\/05\/f420e-25kg-winterhalter.jpg?fit=571%2C800&ssl=1&resize=350%2C200","width":350,"height":200,"srcset":"https:\/\/i0.wp.com\/matopro.fr\/wp-content\/uploads\/2023\/05\/f420e-25kg-winterhalter.jpg?fit=571%2C800&ssl=1&resize=350%2C200 1x, https:\/\/i0.wp.com\/matopro.fr\/wp-content\/uploads\/2023\/05\/f420e-25kg-winterhalter.jpg?fit=571%2C800&ssl=1&resize=525%2C300 1.5x"},"classes":[]},{"id":320,"url":"https:\/\/matopro.fr\/index.php\/produit\/f-420-e-12-kg\/","url_meta":{"origin":467,"position":1},"title":"F 420 e &#8211; 12 kg","author":"illona laurent","date":"20 avril 2023","format":false,"excerpt":"Le d\u00e9tergent F420 e est un d\u00e9tergent liquide alcalin pour la vaisselle et les verres, particuli\u00e8rement adapt\u00e9 \u00e0 une eau dure sans NTA. Il est adapt\u00e9 aux lave verres avec osmoseur pour arr\u00eater les essuyages. Ce produit est certifi\u00e9 conforme au label \u00e9cologique europ\u00e9en - EU Ecolabel. Produit disponible en\u2026","rel":"","context":"Article similaire","block_context":{"text":"Article similaire","link":""},"img":{"alt_text":"f-420-e-12-kg","src":"https:\/\/i0.wp.com\/matopro.fr\/wp-content\/uploads\/2023\/04\/F420-winterhalter.png?fit=520%2C300&ssl=1&resize=350%2C200","width":350,"height":200},"classes":[]},{"id":465,"url":"https:\/\/matopro.fr\/index.php\/produit\/f-300-5-l\/","url_meta":{"origin":467,"position":2},"title":"F 300 &#8211; 5 L","author":"illona laurent","date":"3 mai 2023","format":false,"excerpt":"Ce\u00a0d\u00e9tergent\u00a0\u00e0 base de chlore actif est adapt\u00e9 au lavage des t\u00e2ches les plus tenaces, des fl\u00fbtes \u00e0 champagne aux chopes de bi\u00e8re en passant par les tasses de th\u00e9 ou de caf\u00e9 votre\u00a0vaisselle\u00a0sera impeccable La garantie d\u2019une brillance \u00e9clatante sur l\u2019argent et l\u2019acier inoxydable pour un nettoyage des couverts tout\u2026","rel":"","context":"Article similaire","block_context":{"text":"Article similaire","link":""},"img":{"alt_text":"f-300-5-l","src":"https:\/\/i0.wp.com\/matopro.fr\/wp-content\/uploads\/2023\/05\/F300-5L-winterhalter.jpeg?fit=756%2C1012&ssl=1&resize=350%2C200","width":350,"height":200,"srcset":"https:\/\/i0.wp.com\/matopro.fr\/wp-content\/uploads\/2023\/05\/F300-5L-winterhalter.jpeg?fit=756%2C1012&ssl=1&resize=350%2C200 1x, https:\/\/i0.wp.com\/matopro.fr\/wp-content\/uploads\/2023\/05\/F300-5L-winterhalter.jpeg?fit=756%2C1012&ssl=1&resize=525%2C300 1.5x, https:\/\/i0.wp.com\/matopro.fr\/wp-content\/uploads\/2023\/05\/F300-5L-winterhalter.jpeg?fit=756%2C1012&ssl=1&resize=700%2C400 2x"},"classes":[]},{"id":309,"url":"https:\/\/matopro.fr\/index.php\/produit\/f-300-12-kg\/","url_meta":{"origin":467,"position":3},"title":"F 300 &#8211; 12 kg","author":"illona laurent","date":"20 avril 2023","format":false,"excerpt":"Ce\u00a0d\u00e9tergent\u00a0\u00e0 base de chlore actif est adapt\u00e9 au lavage des t\u00e2ches les plus tenaces, des fl\u00fbtes \u00e0 champagne aux chopes de bi\u00e8re en passant par les tasses de th\u00e9 ou de caf\u00e9 votre\u00a0vaisselle\u00a0sera impeccable La garantie d\u2019une brillance \u00e9clatante sur l\u2019argent et l\u2019acier inoxydable pour un nettoyage des couverts tout\u2026","rel":"","context":"Article similaire","block_context":{"text":"Article similaire","link":""},"img":{"alt_text":"f-300-12-kg","src":"https:\/\/i0.wp.com\/matopro.fr\/wp-content\/uploads\/2023\/04\/F300-winterhalter.png?fit=520%2C300&ssl=1&resize=350%2C200","width":350,"height":200},"classes":[]},{"id":311,"url":"https:\/\/matopro.fr\/index.php\/produit\/f-300-25-kg\/","url_meta":{"origin":467,"position":4},"title":"F 300 &#8211; 25 kg","author":"illona laurent","date":"20 avril 2023","format":false,"excerpt":"Ce\u00a0d\u00e9tergent\u00a0\u00e0 base de chlore actif est adapt\u00e9 au lavage des t\u00e2ches les plus tenaces, des fl\u00fbtes \u00e0 champagne aux chopes de bi\u00e8re en passant par les tasses de th\u00e9 ou de caf\u00e9 votre\u00a0vaisselle\u00a0sera impeccable La garantie d'une brillance \u00e9clatante sur l'argent et l'acier inoxydable pour un nettoyage des couverts tout\u2026","rel":"","context":"Article similaire","block_context":{"text":"Article similaire","link":""},"img":{"alt_text":"f-300-25-kg","src":"https:\/\/i0.wp.com\/matopro.fr\/wp-content\/uploads\/2023\/04\/F300-25kg-winterhalter.jpg?fit=572%2C800&ssl=1&resize=350%2C200","width":350,"height":200,"srcset":"https:\/\/i0.wp.com\/matopro.fr\/wp-content\/uploads\/2023\/04\/F300-25kg-winterhalter.jpg?fit=572%2C800&ssl=1&resize=350%2C200 1x, https:\/\/i0.wp.com\/matopro.fr\/wp-content\/uploads\/2023\/04\/F300-25kg-winterhalter.jpg?fit=572%2C800&ssl=1&resize=525%2C300 1.5x"},"classes":[]},{"id":307,"url":"https:\/\/matopro.fr\/index.php\/produit\/f-6200\/","url_meta":{"origin":467,"position":5},"title":"F 6200 25 KG","author":"illona laurent","date":"20 avril 2023","format":false,"excerpt":"La propret\u00e9 et l\u2019hygi\u00e8ne sont essentiels dans votre lave-vaisselle, voici un d\u00e9tergent liquide intensif. Il est compos\u00e9 d\u2019agents blanchissants inodores et sans phosphate, ce qui permet d\u2019\u00e9liminer plus efficacement les taches, les r\u00e9sidus alimentaires dess\u00e9ch\u00e9s sur vos assiettes. Produit disponible seulement en bidon de 25 kg.","rel":"","context":"Article similaire","block_context":{"text":"Article similaire","link":""},"img":{"alt_text":"f-6200","src":"https:\/\/i0.wp.com\/matopro.fr\/wp-content\/uploads\/2023\/04\/F6200-25kg-winterhalter.jpg?fit=800%2C800&ssl=1&resize=350%2C200","width":350,"height":200,"srcset":"https:\/\/i0.wp.com\/matopro.fr\/wp-content\/uploads\/2023\/04\/F6200-25kg-winterhalter.jpg?fit=800%2C800&ssl=1&resize=350%2C200 1x, https:\/\/i0.wp.com\/matopro.fr\/wp-content\/uploads\/2023\/04\/F6200-25kg-winterhalter.jpg?fit=800%2C800&ssl=1&resize=525%2C300 1.5x, https:\/\/i0.wp.com\/matopro.fr\/wp-content\/uploads\/2023\/04\/F6200-25kg-winterhalter.jpg?fit=800%2C800&ssl=1&resize=700%2C400 2x"},"classes":[]}],"jetpack_likes_enabled":false,"_links":{"self":[{"href":"https:\/\/matopro.fr\/index.php\/wp-json\/wp\/v2\/product\/467","targetHints":{"allow":["GET"]}}],"collection":[{"href":"https:\/\/matopro.fr\/index.php\/wp-json\/wp\/v2\/product"}],"about":[{"href":"https:\/\/matopro.fr\/index.php\/wp-json\/wp\/v2\/types\/product"}],"replies":[{"embeddable":true,"href":"https:\/\/matopro.fr\/index.php\/wp-json\/wp\/v2\/comments?post=467"}],"wp:featuredmedia":[{"embeddable":true,"href":"https:\/\/matopro.fr\/index.php\/wp-json\/wp\/v2\/media\/468"}],"wp:attachment":[{"href":"https:\/\/matopro.fr\/index.php\/wp-json\/wp\/v2\/media?parent=467"}],"wp:term":[{"taxonomy":"product_brand","embeddable":true,"href":"https:\/\/matopro.fr\/index.php\/wp-json\/wp\/v2\/product_brand?post=467"},{"taxonomy":"product_cat","embeddable":true,"href":"https:\/\/matopro.fr\/index.php\/wp-json\/wp\/v2\/product_cat?post=467"},{"taxonomy":"product_tag","embeddable":true,"href":"https:\/\/matopro.fr\/index.php\/wp-json\/wp\/v2\/product_tag?post=467"}],"curies":[{"name":"wp","href":"https:\/\/api.w.org\/{rel}","templated":true}]}}