{"id":324,"date":"2023-04-20T15:43:58","date_gmt":"2023-04-20T13:43:58","guid":{"rendered":"https:\/\/matopro.fr\/?post_type=product&#038;p=324"},"modified":"2026-01-20T11:29:45","modified_gmt":"2026-01-20T10:29:45","slug":"brilliant-dry","status":"publish","type":"product","link":"https:\/\/matopro.fr\/index.php\/produit\/brilliant-dry\/","title":{"rendered":"Brilliant Dry 1L"},"content":{"rendered":"<p>Principales caract\u00e9ristiques du produit de rin\u00e7age Brilliant Dry :<\/p>\n<p>R\u00e9f.350149<\/p>\n<ul>\n<li>Concentr\u00e9 liquide.<\/li>\n<li>Produit de rin\u00e7age standard pour une utilisation en lave-vaisselle industriels.<\/li>\n<li>Utilisation \u00e9conomique, pour des r\u00e9sultats de s\u00e9chage optimaux.<\/li>\n<li>pH acide.<\/li>\n<\/ul>\n","protected":false},"excerpt":{"rendered":"<p>Pour une vaisselle, des couverts et des verres brillants et propre gr\u00e2ce \u00e0 la forte efficacit\u00e9 de l&rsquo;acide citrique.<\/p>\n<p><span class=\"a-list-item\">Convient \u00e0 tous les mat\u00e9riaux tels que le verre, la porcelaine, le plastique, l&rsquo;aluminium ou encore l&rsquo;acier inoxydable.<\/span><\/p>\n","protected":false},"featured_media":427,"comment_status":"open","ping_status":"closed","template":"","meta":{"_uag_custom_page_level_css":"","swt_meta_header_display":false,"swt_meta_footer_display":false,"swt_meta_site_title_display":true,"swt_meta_sticky_header":false,"swt_meta_transparent_header":false,"advanced_seo_description":"","jetpack_seo_html_title":"","jetpack_seo_noindex":false,"jetpack_post_was_ever_published":false,"jetpack_publicize_message":"","jetpack_publicize_feature_enabled":true,"jetpack_social_post_already_shared":true,"jetpack_social_options":{"image_generator_settings":{"template":"highway","default_image_id":0,"font":"","enabled":false},"version":2}},"product_brand":[],"product_cat":[39,58],"product_tag":[52],"class_list":{"0":"post-324","1":"product","2":"type-product","3":"status-publish","4":"has-post-thumbnail","6":"product_cat-liquides-de-rincage","7":"product_cat-produits-lessiviels","8":"product_tag-neodisher-dr-weigert","10":"first","11":"instock","12":"taxable","13":"shipping-taxable","14":"purchasable","15":"product-type-simple"},"jetpack_publicize_connections":[],"uagb_featured_image_src":{"full":["https:\/\/i0.wp.com\/matopro.fr\/wp-content\/uploads\/2023\/04\/brillant-dry-neodisher-1.jpg?fit=669%2C669&ssl=1",669,669,false],"thumbnail":["https:\/\/i0.wp.com\/matopro.fr\/wp-content\/uploads\/2023\/04\/brillant-dry-neodisher-1.jpg?resize=150%2C150&ssl=1",150,150,true],"medium":["https:\/\/i0.wp.com\/matopro.fr\/wp-content\/uploads\/2023\/04\/brillant-dry-neodisher-1.jpg?fit=300%2C300&ssl=1",300,300,true],"medium_large":["https:\/\/i0.wp.com\/matopro.fr\/wp-content\/uploads\/2023\/04\/brillant-dry-neodisher-1.jpg?fit=669%2C669&ssl=1",669,669,true],"large":["https:\/\/i0.wp.com\/matopro.fr\/wp-content\/uploads\/2023\/04\/brillant-dry-neodisher-1.jpg?fit=669%2C669&ssl=1",669,669,true],"1536x1536":["https:\/\/i0.wp.com\/matopro.fr\/wp-content\/uploads\/2023\/04\/brillant-dry-neodisher-1.jpg?fit=669%2C669&ssl=1",669,669,true],"2048x2048":["https:\/\/i0.wp.com\/matopro.fr\/wp-content\/uploads\/2023\/04\/brillant-dry-neodisher-1.jpg?fit=669%2C669&ssl=1",669,669,true],"mailpoet_newsletter_max":["https:\/\/i0.wp.com\/matopro.fr\/wp-content\/uploads\/2023\/04\/brillant-dry-neodisher-1.jpg?fit=669%2C669&ssl=1",669,669,true],"woocommerce_thumbnail":["https:\/\/i0.wp.com\/matopro.fr\/wp-content\/uploads\/2023\/04\/brillant-dry-neodisher-1.jpg?resize=300%2C300&ssl=1",300,300,true],"woocommerce_single":["https:\/\/i0.wp.com\/matopro.fr\/wp-content\/uploads\/2023\/04\/brillant-dry-neodisher-1.jpg?fit=600%2C600&ssl=1",600,600,true],"woocommerce_gallery_thumbnail":["https:\/\/i0.wp.com\/matopro.fr\/wp-content\/uploads\/2023\/04\/brillant-dry-neodisher-1.jpg?resize=100%2C100&ssl=1",100,100,true],"jetpack-portfolio-admin-thumb":["https:\/\/i0.wp.com\/matopro.fr\/wp-content\/uploads\/2023\/04\/brillant-dry-neodisher-1.jpg?resize=50%2C50&ssl=1",50,50,true]},"uagb_author_info":{"display_name":"illona laurent","author_link":"https:\/\/matopro.fr\/index.php\/author\/"},"uagb_comment_info":0,"uagb_excerpt":"Pour une vaisselle, des couverts et des verres brillants et propre gr\u00e2ce \u00e0 la forte efficacit\u00e9 de l'acide citrique. Convient \u00e0 tous les mat\u00e9riaux tels que le verre, la porcelaine, le plastique, l'aluminium ou encore l'acier inoxydable.","jetpack_sharing_enabled":false,"jetpack-related-posts":[{"id":483,"url":"https:\/\/matopro.fr\/index.php\/produit\/a-70-ls-5-l\/","url_meta":{"origin":324,"position":0},"title":"A 70 LS &#8211; 5 L","author":"illona laurent","date":"3 mai 2023","format":false,"excerpt":"Un r\u00e9sultat de lavage id\u00e9al requiert des produits de lavage et de rin\u00e7age parfaitement adapt\u00e9s \u00e0 la vaisselle, \u00e0 son degr\u00e9 de salissure, aux dispositions en mati\u00e8re d\u2019hygi\u00e8ne et bien entendu au lave-vaisselle. Produit disponible en bidon de 5 L et de 12 kg.","rel":"","context":"Article similaire","block_context":{"text":"Article similaire","link":""},"img":{"alt_text":"a-70-ls","src":"https:\/\/i0.wp.com\/matopro.fr\/wp-content\/uploads\/2023\/05\/a70-ls-5-l-winterhalter.webp?fit=1024%2C1024&ssl=1&resize=350%2C200","width":350,"height":200,"srcset":"https:\/\/i0.wp.com\/matopro.fr\/wp-content\/uploads\/2023\/05\/a70-ls-5-l-winterhalter.webp?fit=1024%2C1024&ssl=1&resize=350%2C200 1x, https:\/\/i0.wp.com\/matopro.fr\/wp-content\/uploads\/2023\/05\/a70-ls-5-l-winterhalter.webp?fit=1024%2C1024&ssl=1&resize=525%2C300 1.5x, https:\/\/i0.wp.com\/matopro.fr\/wp-content\/uploads\/2023\/05\/a70-ls-5-l-winterhalter.webp?fit=1024%2C1024&ssl=1&resize=700%2C400 2x"},"classes":[]},{"id":479,"url":"https:\/\/matopro.fr\/index.php\/produit\/a70-ls-12-kg\/","url_meta":{"origin":324,"position":1},"title":"A 70 LS &#8211; 12 kg","author":"illona laurent","date":"3 mai 2023","format":false,"excerpt":"Un r\u00e9sultat de lavage id\u00e9al requiert des produits de lavage et de rin\u00e7age parfaitement adapt\u00e9s \u00e0 la vaisselle, \u00e0 son degr\u00e9 de salissure, aux dispositions en mati\u00e8re d\u2019hygi\u00e8ne et bien entendu au lave-vaisselle. Produit disponible en bidon de 12 kg et de 5 L.","rel":"","context":"Article similaire","block_context":{"text":"Article similaire","link":""},"img":{"alt_text":"a70-ls","src":"https:\/\/i0.wp.com\/matopro.fr\/wp-content\/uploads\/2023\/05\/a70-ls-winterhalter.jpg?fit=600%2C600&ssl=1&resize=350%2C200","width":350,"height":200,"srcset":"https:\/\/i0.wp.com\/matopro.fr\/wp-content\/uploads\/2023\/05\/a70-ls-winterhalter.jpg?fit=600%2C600&ssl=1&resize=350%2C200 1x, https:\/\/i0.wp.com\/matopro.fr\/wp-content\/uploads\/2023\/05\/a70-ls-winterhalter.jpg?fit=600%2C600&ssl=1&resize=525%2C300 1.5x"},"classes":[]},{"id":322,"url":"https:\/\/matopro.fr\/index.php\/produit\/brilliant-clean\/","url_meta":{"origin":324,"position":2},"title":"Brilliant Clean 2,5 KG","author":"illona laurent","date":"20 avril 2023","format":false,"excerpt":"Poudre d\u00e9tergente universelle pour le lavage automatique de la vaisselle. Particuli\u00e8rement adapt\u00e9 au lave-vaisselle \u00e0 eau libre, au lave-vaisselle domestique et au petit lave-vaisselle \u00e0 r\u00e9servoir unique. G\u00e9n\u00e9ralement utilis\u00e9 pour le nettoyage automatis\u00e9 des verres, de la porcelaine, des couverts et des ustensiles de travail.","rel":"","context":"Article similaire","block_context":{"text":"Article similaire","link":""},"img":{"alt_text":"brilliant-clean","src":"https:\/\/i0.wp.com\/matopro.fr\/wp-content\/uploads\/2023\/04\/brilliant-clean-neodisher.jpg?fit=800%2C800&ssl=1&resize=350%2C200","width":350,"height":200,"srcset":"https:\/\/i0.wp.com\/matopro.fr\/wp-content\/uploads\/2023\/04\/brilliant-clean-neodisher.jpg?fit=800%2C800&ssl=1&resize=350%2C200 1x, https:\/\/i0.wp.com\/matopro.fr\/wp-content\/uploads\/2023\/04\/brilliant-clean-neodisher.jpg?fit=800%2C800&ssl=1&resize=525%2C300 1.5x, https:\/\/i0.wp.com\/matopro.fr\/wp-content\/uploads\/2023\/04\/brilliant-clean-neodisher.jpg?fit=800%2C800&ssl=1&resize=700%2C400 2x"},"classes":[]},{"id":475,"url":"https:\/\/matopro.fr\/index.php\/produit\/b-200-s\/","url_meta":{"origin":324,"position":3},"title":"B 200 S","author":"illona laurent","date":"3 mai 2023","format":false,"excerpt":"Particuli\u00e8rement adapt\u00e9 aux pi\u00e8ces de vaisselle difficilement mouillables en l'acier inoxydable et le plastique. Produit disponible seulement en bidon de 10 L.","rel":"","context":"Article similaire","block_context":{"text":"Article similaire","link":""},"img":{"alt_text":"b-200-s","src":"https:\/\/i0.wp.com\/matopro.fr\/wp-content\/uploads\/2023\/05\/b200-s-winterhalter-1.webp?fit=1042%2C1042&ssl=1&resize=350%2C200","width":350,"height":200,"srcset":"https:\/\/i0.wp.com\/matopro.fr\/wp-content\/uploads\/2023\/05\/b200-s-winterhalter-1.webp?fit=1042%2C1042&ssl=1&resize=350%2C200 1x, https:\/\/i0.wp.com\/matopro.fr\/wp-content\/uploads\/2023\/05\/b200-s-winterhalter-1.webp?fit=1042%2C1042&ssl=1&resize=525%2C300 1.5x, https:\/\/i0.wp.com\/matopro.fr\/wp-content\/uploads\/2023\/05\/b200-s-winterhalter-1.webp?fit=1042%2C1042&ssl=1&resize=700%2C400 2x"},"classes":[]},{"id":318,"url":"https:\/\/matopro.fr\/index.php\/produit\/b-170-xd\/","url_meta":{"origin":324,"position":4},"title":"B 170 XD 1L","author":"illona laurent","date":"20 avril 2023","format":false,"excerpt":"Liquide de rin\u00e7age neutre hautement concentr\u00e9 avec acc\u00e9l\u00e9rateur de s\u00e9chage sp\u00e9cialement con\u00e7u pour les syst\u00e8mes r\u00e9utilisables autour des gobelets et couvercles en plastique.\u00a0De plus, il peut \u00e9galement \u00eatre utilis\u00e9 pour laver les verres, la vaisselle, les couverts et les ustensiles de cuisine. Garantie d'une brillance sans traces et 100% biod\u00e9gradable.\u2026","rel":"","context":"Article similaire","block_context":{"text":"Article similaire","link":""},"img":{"alt_text":"b-170-xd","src":"https:\/\/i0.wp.com\/matopro.fr\/wp-content\/uploads\/2023\/04\/B170-xd-winterhalter-removebg-preview.png?fit=433%2C577&ssl=1&resize=350%2C200","width":350,"height":200},"classes":[]},{"id":315,"url":"https:\/\/matopro.fr\/index.php\/produit\/b-165-ne\/","url_meta":{"origin":324,"position":5},"title":"B 165 NE 10 KG","author":"illona laurent","date":"20 avril 2023","format":false,"excerpt":"Produit de rin\u00e7age hautement concentr\u00e9 pour \u00e9viter la formation de mousse. Convient \u00e0 tous les types de verrerie, y compris celles d\u00e9cor\u00e9es. Aussi, il permet de s\u00e9cher les verres rapidement et sans taches tout en \u00e9vitant la formation d'odeurs. Produit disponible seulement en 10L.","rel":"","context":"Article similaire","block_context":{"text":"Article similaire","link":""},"img":{"alt_text":"b-165-ne","src":"https:\/\/i0.wp.com\/matopro.fr\/wp-content\/uploads\/2023\/04\/B165ne-winterhalter.webp?fit=520%2C300&ssl=1&resize=350%2C200","width":350,"height":200},"classes":[]}],"jetpack_likes_enabled":false,"_links":{"self":[{"href":"https:\/\/matopro.fr\/index.php\/wp-json\/wp\/v2\/product\/324","targetHints":{"allow":["GET"]}}],"collection":[{"href":"https:\/\/matopro.fr\/index.php\/wp-json\/wp\/v2\/product"}],"about":[{"href":"https:\/\/matopro.fr\/index.php\/wp-json\/wp\/v2\/types\/product"}],"replies":[{"embeddable":true,"href":"https:\/\/matopro.fr\/index.php\/wp-json\/wp\/v2\/comments?post=324"}],"wp:featuredmedia":[{"embeddable":true,"href":"https:\/\/matopro.fr\/index.php\/wp-json\/wp\/v2\/media\/427"}],"wp:attachment":[{"href":"https:\/\/matopro.fr\/index.php\/wp-json\/wp\/v2\/media?parent=324"}],"wp:term":[{"taxonomy":"product_brand","embeddable":true,"href":"https:\/\/matopro.fr\/index.php\/wp-json\/wp\/v2\/product_brand?post=324"},{"taxonomy":"product_cat","embeddable":true,"href":"https:\/\/matopro.fr\/index.php\/wp-json\/wp\/v2\/product_cat?post=324"},{"taxonomy":"product_tag","embeddable":true,"href":"https:\/\/matopro.fr\/index.php\/wp-json\/wp\/v2\/product_tag?post=324"}],"curies":[{"name":"wp","href":"https:\/\/api.w.org\/{rel}","templated":true}]}}