{"id":322,"date":"2023-04-20T15:40:19","date_gmt":"2023-04-20T13:40:19","guid":{"rendered":"https:\/\/matopro.fr\/?post_type=product&#038;p=322"},"modified":"2025-06-09T12:48:33","modified_gmt":"2025-06-09T10:48:33","slug":"brilliant-clean","status":"publish","type":"product","link":"https:\/\/matopro.fr\/index.php\/produit\/brilliant-clean\/","title":{"rendered":"Brilliant Clean 2,5 KG"},"content":{"rendered":"<p>Principales caract\u00e9ristiques du d\u00e9tergent vaisselle Brilliant Clean :<\/p>\n<p>R\u00e9f.350042<\/p>\n<ul>\n<li>D\u00e9tergent alcalin pour la vaisselle sous forme de poudre.<\/li>\n<li>Contient du chlore actif.<\/li>\n<li>Compatible avec tous types de vaisselle.<\/li>\n<li>\u00c9limine en particulier les r\u00e9sidus de prot\u00e9ines, de caf\u00e9 et de th\u00e9.<\/li>\n<li>Utilisable avec tous les degr\u00e9s de duret\u00e9 de l&rsquo;eau.<\/li>\n<\/ul>\n","protected":false},"excerpt":{"rendered":"<p>Poudre d\u00e9tergente universelle pour le lavage automatique de la vaisselle.<\/p>\n<p>Particuli\u00e8rement adapt\u00e9 au lave-vaisselle \u00e0 eau libre, au lave-vaisselle domestique et au petit lave-vaisselle \u00e0 r\u00e9servoir unique.<\/p>\n<p>G\u00e9n\u00e9ralement utilis\u00e9 pour le nettoyage automatis\u00e9 des verres, de la porcelaine, des couverts et des ustensiles de travail.<\/p>\n","protected":false},"featured_media":429,"comment_status":"open","ping_status":"closed","template":"","meta":{"_uag_custom_page_level_css":"","swt_meta_header_display":false,"swt_meta_footer_display":false,"swt_meta_site_title_display":true,"swt_meta_sticky_header":false,"swt_meta_transparent_header":false,"advanced_seo_description":"","jetpack_seo_html_title":"","jetpack_seo_noindex":false,"jetpack_publicize_message":"","jetpack_publicize_feature_enabled":true,"jetpack_social_post_already_shared":true,"jetpack_social_options":{"image_generator_settings":{"template":"highway","default_image_id":0,"font":"","enabled":false},"version":2}},"product_brand":[],"product_cat":[41,58],"product_tag":[52],"class_list":{"0":"post-322","1":"product","2":"type-product","3":"status-publish","4":"has-post-thumbnail","6":"product_cat-detergents-vaisselle","7":"product_cat-produits-lessiviels","8":"product_tag-neodisher-dr-weigert","10":"first","11":"instock","12":"taxable","13":"shipping-taxable","14":"purchasable","15":"product-type-simple"},"jetpack_publicize_connections":[],"uagb_featured_image_src":{"full":["https:\/\/i0.wp.com\/matopro.fr\/wp-content\/uploads\/2023\/04\/brilliant-clean-neodisher.jpg?fit=800%2C800&ssl=1",800,800,false],"thumbnail":["https:\/\/i0.wp.com\/matopro.fr\/wp-content\/uploads\/2023\/04\/brilliant-clean-neodisher.jpg?resize=150%2C150&ssl=1",150,150,true],"medium":["https:\/\/i0.wp.com\/matopro.fr\/wp-content\/uploads\/2023\/04\/brilliant-clean-neodisher.jpg?fit=300%2C300&ssl=1",300,300,true],"medium_large":["https:\/\/i0.wp.com\/matopro.fr\/wp-content\/uploads\/2023\/04\/brilliant-clean-neodisher.jpg?fit=768%2C768&ssl=1",768,768,true],"large":["https:\/\/i0.wp.com\/matopro.fr\/wp-content\/uploads\/2023\/04\/brilliant-clean-neodisher.jpg?fit=800%2C800&ssl=1",800,800,true],"1536x1536":["https:\/\/i0.wp.com\/matopro.fr\/wp-content\/uploads\/2023\/04\/brilliant-clean-neodisher.jpg?fit=800%2C800&ssl=1",800,800,true],"2048x2048":["https:\/\/i0.wp.com\/matopro.fr\/wp-content\/uploads\/2023\/04\/brilliant-clean-neodisher.jpg?fit=800%2C800&ssl=1",800,800,true],"mailpoet_newsletter_max":["https:\/\/i0.wp.com\/matopro.fr\/wp-content\/uploads\/2023\/04\/brilliant-clean-neodisher.jpg?fit=800%2C800&ssl=1",800,800,true],"woocommerce_thumbnail":["https:\/\/i0.wp.com\/matopro.fr\/wp-content\/uploads\/2023\/04\/brilliant-clean-neodisher.jpg?resize=300%2C300&ssl=1",300,300,true],"woocommerce_single":["https:\/\/i0.wp.com\/matopro.fr\/wp-content\/uploads\/2023\/04\/brilliant-clean-neodisher.jpg?fit=600%2C600&ssl=1",600,600,true],"woocommerce_gallery_thumbnail":["https:\/\/i0.wp.com\/matopro.fr\/wp-content\/uploads\/2023\/04\/brilliant-clean-neodisher.jpg?resize=100%2C100&ssl=1",100,100,true],"jetpack-portfolio-admin-thumb":["https:\/\/i0.wp.com\/matopro.fr\/wp-content\/uploads\/2023\/04\/brilliant-clean-neodisher.jpg?resize=50%2C50&ssl=1",50,50,true]},"uagb_author_info":{"display_name":"illona laurent","author_link":"https:\/\/matopro.fr\/index.php\/author\/"},"uagb_comment_info":0,"uagb_excerpt":"Poudre d\u00e9tergente universelle pour le lavage automatique de la vaisselle. Particuli\u00e8rement adapt\u00e9 au lave-vaisselle \u00e0 eau libre, au lave-vaisselle domestique et au petit lave-vaisselle \u00e0 r\u00e9servoir unique. G\u00e9n\u00e9ralement utilis\u00e9 pour le nettoyage automatis\u00e9 des verres, de la porcelaine, des couverts et des ustensiles de travail.","jetpack_sharing_enabled":false,"jetpack-related-posts":[{"id":489,"url":"https:\/\/matopro.fr\/index.php\/produit\/brilliant-tabs\/","url_meta":{"origin":322,"position":0},"title":"Brilliant Tabs","author":"illona laurent","date":"3 mai 2023","format":false,"excerpt":"Principales caract\u00e9ristiques du produit Brilliant Tabs : R\u00e9f.32192 Sans chlore actif. Convient \u00e0 tous les types de vaisselle. Avec un parfum d'agrumes. Simple et pratique \u00e0 utiliser. Pour l'utilisation de machines avec un r\u00e9servoir et utilisant de l'eau fra\u00eeche. La bo\u00eete contient 60 pastilles.","rel":"","context":"Article similaire","block_context":{"text":"Article similaire","link":""},"img":{"alt_text":"brilliant-tabs","src":"https:\/\/i0.wp.com\/matopro.fr\/wp-content\/uploads\/2023\/05\/brillant-tabs.jpg?fit=355%2C314&ssl=1&resize=350%2C200","width":350,"height":200},"classes":[]},{"id":471,"url":"https:\/\/matopro.fr\/index.php\/produit\/p-300-25-kg\/","url_meta":{"origin":322,"position":1},"title":"P 300 &#8211; 25 kg","author":"illona laurent","date":"3 mai 2023","format":false,"excerpt":"Convient aux lave-vaisselle professionnels \u00e0 porte d'entr\u00e9e et \u00e0 panier pour les restaurants, les h\u00f4tels et les cuisines de cantine. Ce produit \u00e9limine efficacement les r\u00e9sidus de caf\u00e9 et de th\u00e9 s\u00e9ch\u00e9s et autres colorants ainsi que les r\u00e9sidus alimentaires l\u00e9g\u00e8rement s\u00e9ch\u00e9s. Pr\u00e9-v\u00e9rifier l'aluminium anodis\u00e9 et les alliages de m\u00e9taux\u2026","rel":"","context":"Article similaire","block_context":{"text":"Article similaire","link":""},"img":{"alt_text":"p-300-25-kg","src":"https:\/\/i0.wp.com\/matopro.fr\/wp-content\/uploads\/2023\/05\/p300-25kg-winterhalter.jpg?fit=717%2C800&ssl=1&resize=350%2C200","width":350,"height":200,"srcset":"https:\/\/i0.wp.com\/matopro.fr\/wp-content\/uploads\/2023\/05\/p300-25kg-winterhalter.jpg?fit=717%2C800&ssl=1&resize=350%2C200 1x, https:\/\/i0.wp.com\/matopro.fr\/wp-content\/uploads\/2023\/05\/p300-25kg-winterhalter.jpg?fit=717%2C800&ssl=1&resize=525%2C300 1.5x, https:\/\/i0.wp.com\/matopro.fr\/wp-content\/uploads\/2023\/05\/p300-25kg-winterhalter.jpg?fit=717%2C800&ssl=1&resize=700%2C400 2x"},"classes":[]},{"id":1069,"url":"https:\/\/matopro.fr\/index.php\/produit\/p-300-10-kg\/","url_meta":{"origin":322,"position":2},"title":"P 300 &#8211; 10 kg","author":"illona laurent","date":"26 mai 2023","format":false,"excerpt":"Convient aux lave-vaisselle professionnels \u00e0 porte d'entr\u00e9e et \u00e0 panier pour les restaurants, les h\u00f4tels et les cuisines de cantine. Ce produit \u00e9limine efficacement les r\u00e9sidus de caf\u00e9 et de th\u00e9 s\u00e9ch\u00e9s et autres colorants ainsi que les r\u00e9sidus alimentaires l\u00e9g\u00e8rement s\u00e9ch\u00e9s. Pr\u00e9-v\u00e9rifier l'aluminium anodis\u00e9 et les alliages de m\u00e9taux\u2026","rel":"","context":"Article similaire","block_context":{"text":"Article similaire","link":""},"img":{"alt_text":"p-300-10-kg","src":"https:\/\/i0.wp.com\/matopro.fr\/wp-content\/uploads\/2023\/05\/P300-10kg-winterhalter.png?fit=375%2C314&ssl=1&resize=350%2C200","width":350,"height":200},"classes":[]},{"id":307,"url":"https:\/\/matopro.fr\/index.php\/produit\/f-6200\/","url_meta":{"origin":322,"position":3},"title":"F 6200 25 KG","author":"illona laurent","date":"20 avril 2023","format":false,"excerpt":"La propret\u00e9 et l\u2019hygi\u00e8ne sont essentiels dans votre lave-vaisselle, voici un d\u00e9tergent liquide intensif. Il est compos\u00e9 d\u2019agents blanchissants inodores et sans phosphate, ce qui permet d\u2019\u00e9liminer plus efficacement les taches, les r\u00e9sidus alimentaires dess\u00e9ch\u00e9s sur vos assiettes. Produit disponible seulement en bidon de 25 kg.","rel":"","context":"Article similaire","block_context":{"text":"Article similaire","link":""},"img":{"alt_text":"f-6200","src":"https:\/\/i0.wp.com\/matopro.fr\/wp-content\/uploads\/2023\/04\/F6200-25kg-winterhalter.jpg?fit=800%2C800&ssl=1&resize=350%2C200","width":350,"height":200,"srcset":"https:\/\/i0.wp.com\/matopro.fr\/wp-content\/uploads\/2023\/04\/F6200-25kg-winterhalter.jpg?fit=800%2C800&ssl=1&resize=350%2C200 1x, https:\/\/i0.wp.com\/matopro.fr\/wp-content\/uploads\/2023\/04\/F6200-25kg-winterhalter.jpg?fit=800%2C800&ssl=1&resize=525%2C300 1.5x, https:\/\/i0.wp.com\/matopro.fr\/wp-content\/uploads\/2023\/04\/F6200-25kg-winterhalter.jpg?fit=800%2C800&ssl=1&resize=700%2C400 2x"},"classes":[]},{"id":467,"url":"https:\/\/matopro.fr\/index.php\/produit\/f-420-e-5-l\/","url_meta":{"origin":322,"position":4},"title":"F 420 e &#8211; 5 L","author":"illona laurent","date":"3 mai 2023","format":false,"excerpt":"Le d\u00e9tergent F420e est un d\u00e9tergent liquide alcalin pour la vaisselle et les verres, particuli\u00e8rement adapt\u00e9 \u00e0 une eau dure sans NTA. Il est adapt\u00e9 aux lave verres avec osmoseur pour arr\u00eater les essuyages. Ce produit est certifi\u00e9 conforme au label \u00e9cologique europ\u00e9en \u2013 EU Ecolabel. Produit disponible en bidon\u2026","rel":"","context":"Article similaire","block_context":{"text":"Article similaire","link":""},"img":{"alt_text":"f-420-e-5-l","src":"https:\/\/i0.wp.com\/matopro.fr\/wp-content\/uploads\/2023\/05\/f420-5l-winterhalter.jpg?fit=1000%2C1000&ssl=1&resize=350%2C200","width":350,"height":200,"srcset":"https:\/\/i0.wp.com\/matopro.fr\/wp-content\/uploads\/2023\/05\/f420-5l-winterhalter.jpg?fit=1000%2C1000&ssl=1&resize=350%2C200 1x, https:\/\/i0.wp.com\/matopro.fr\/wp-content\/uploads\/2023\/05\/f420-5l-winterhalter.jpg?fit=1000%2C1000&ssl=1&resize=525%2C300 1.5x, https:\/\/i0.wp.com\/matopro.fr\/wp-content\/uploads\/2023\/05\/f420-5l-winterhalter.jpg?fit=1000%2C1000&ssl=1&resize=700%2C400 2x"},"classes":[]},{"id":465,"url":"https:\/\/matopro.fr\/index.php\/produit\/f-300-5-l\/","url_meta":{"origin":322,"position":5},"title":"F 300 &#8211; 5 L","author":"illona laurent","date":"3 mai 2023","format":false,"excerpt":"Ce\u00a0d\u00e9tergent\u00a0\u00e0 base de chlore actif est adapt\u00e9 au lavage des t\u00e2ches les plus tenaces, des fl\u00fbtes \u00e0 champagne aux chopes de bi\u00e8re en passant par les tasses de th\u00e9 ou de caf\u00e9 votre\u00a0vaisselle\u00a0sera impeccable La garantie d\u2019une brillance \u00e9clatante sur l\u2019argent et l\u2019acier inoxydable pour un nettoyage des couverts tout\u2026","rel":"","context":"Article similaire","block_context":{"text":"Article similaire","link":""},"img":{"alt_text":"f-300-5-l","src":"https:\/\/i0.wp.com\/matopro.fr\/wp-content\/uploads\/2023\/05\/F300-5L-winterhalter.jpeg?fit=756%2C1012&ssl=1&resize=350%2C200","width":350,"height":200,"srcset":"https:\/\/i0.wp.com\/matopro.fr\/wp-content\/uploads\/2023\/05\/F300-5L-winterhalter.jpeg?fit=756%2C1012&ssl=1&resize=350%2C200 1x, https:\/\/i0.wp.com\/matopro.fr\/wp-content\/uploads\/2023\/05\/F300-5L-winterhalter.jpeg?fit=756%2C1012&ssl=1&resize=525%2C300 1.5x, https:\/\/i0.wp.com\/matopro.fr\/wp-content\/uploads\/2023\/05\/F300-5L-winterhalter.jpeg?fit=756%2C1012&ssl=1&resize=700%2C400 2x"},"classes":[]}],"jetpack_likes_enabled":false,"_links":{"self":[{"href":"https:\/\/matopro.fr\/index.php\/wp-json\/wp\/v2\/product\/322","targetHints":{"allow":["GET"]}}],"collection":[{"href":"https:\/\/matopro.fr\/index.php\/wp-json\/wp\/v2\/product"}],"about":[{"href":"https:\/\/matopro.fr\/index.php\/wp-json\/wp\/v2\/types\/product"}],"replies":[{"embeddable":true,"href":"https:\/\/matopro.fr\/index.php\/wp-json\/wp\/v2\/comments?post=322"}],"wp:featuredmedia":[{"embeddable":true,"href":"https:\/\/matopro.fr\/index.php\/wp-json\/wp\/v2\/media\/429"}],"wp:attachment":[{"href":"https:\/\/matopro.fr\/index.php\/wp-json\/wp\/v2\/media?parent=322"}],"wp:term":[{"taxonomy":"product_brand","embeddable":true,"href":"https:\/\/matopro.fr\/index.php\/wp-json\/wp\/v2\/product_brand?post=322"},{"taxonomy":"product_cat","embeddable":true,"href":"https:\/\/matopro.fr\/index.php\/wp-json\/wp\/v2\/product_cat?post=322"},{"taxonomy":"product_tag","embeddable":true,"href":"https:\/\/matopro.fr\/index.php\/wp-json\/wp\/v2\/product_tag?post=322"}],"curies":[{"name":"wp","href":"https:\/\/api.w.org\/{rel}","templated":true}]}}