{"id":313,"date":"2023-04-20T15:01:28","date_gmt":"2023-04-20T13:01:28","guid":{"rendered":"https:\/\/matopro.fr\/?post_type=product&#038;p=313"},"modified":"2025-04-27T12:52:16","modified_gmt":"2025-04-27T10:52:16","slug":"f-865-plus-25-kg","status":"publish","type":"product","link":"https:\/\/matopro.fr\/index.php\/produit\/f-865-plus-25-kg\/","title":{"rendered":"F 865 Plus &#8211; 25 kg"},"content":{"rendered":"<p>Principales caract\u00e9ristiques du d\u00e9tergent pour ustensiles en aluminium F 865 Plus &#8211; 25 kg:<\/p>\n<p>R\u00e9f.20000378<\/p>\n<ul>\n<li>D\u00e9tergent liquide intensif<\/li>\n<li>Effet anti-mousse actif pour une efficacit\u00e9 de nettoyage parfaite<\/li>\n<li>Convient particuli\u00e8rement \u00e0 la vaisselle en aluminium<\/li>\n<li>Tr\u00e8s efficace contre les salissures prot\u00e9in\u00e9es et les graisses<\/li>\n<\/ul>\n<p>Tous les emballages Winterhalter sont enti\u00e8rement <strong>recyclables<\/strong> et ses ingr\u00e9dients compl\u00e8tement <strong>biod\u00e9gradables<\/strong>.<\/p>\n","protected":false},"excerpt":{"rendered":"<p>Convient afin de laver les ustensiles professionnels, pour les boulangeries, les boucheries, les restaurants, les h\u00f4tels et les traiteurs. Particuli\u00e8rement adapt\u00e9 pour le nettoyage des ustensiles tr\u00e8s sales comme les r\u00e9cipients, bois, plaques de cuisson, contenants de livraison, plateaux, pots et casseroles.<\/p>\n<p>Performant contre les salissures prot\u00e9in\u00e9es et les graisses.<\/p>\n<p>Convient pour tous types de vaisselle en aluminium, inox, plastique et porcelaine ainsi que les couverts.<\/p>\n<p>Produit disponible en bidon de 25 kg.<\/p>\n","protected":false},"featured_media":314,"comment_status":"open","ping_status":"closed","template":"","meta":{"_uag_custom_page_level_css":"","swt_meta_header_display":false,"swt_meta_footer_display":false,"swt_meta_site_title_display":true,"swt_meta_sticky_header":false,"swt_meta_transparent_header":false,"advanced_seo_description":"","jetpack_seo_html_title":"","jetpack_seo_noindex":false,"jetpack_post_was_ever_published":false,"jetpack_publicize_message":"","jetpack_publicize_feature_enabled":true,"jetpack_social_post_already_shared":true,"jetpack_social_options":{"image_generator_settings":{"template":"highway","default_image_id":0,"font":"","enabled":false},"version":2}},"product_brand":[],"product_cat":[41,58],"product_tag":[54],"class_list":{"0":"post-313","1":"product","2":"type-product","3":"status-publish","4":"has-post-thumbnail","6":"product_cat-detergents-vaisselle","7":"product_cat-produits-lessiviels","8":"product_tag-winterhalter","10":"first","11":"instock","12":"taxable","13":"shipping-taxable","14":"purchasable","15":"product-type-simple"},"jetpack_publicize_connections":[],"uagb_featured_image_src":{"full":["https:\/\/i0.wp.com\/matopro.fr\/wp-content\/uploads\/2023\/04\/F365Plus-winterhalter.jpg?fit=800%2C800&ssl=1",800,800,false],"thumbnail":["https:\/\/i0.wp.com\/matopro.fr\/wp-content\/uploads\/2023\/04\/F365Plus-winterhalter.jpg?resize=150%2C150&ssl=1",150,150,true],"medium":["https:\/\/i0.wp.com\/matopro.fr\/wp-content\/uploads\/2023\/04\/F365Plus-winterhalter.jpg?fit=300%2C300&ssl=1",300,300,true],"medium_large":["https:\/\/i0.wp.com\/matopro.fr\/wp-content\/uploads\/2023\/04\/F365Plus-winterhalter.jpg?fit=768%2C768&ssl=1",768,768,true],"large":["https:\/\/i0.wp.com\/matopro.fr\/wp-content\/uploads\/2023\/04\/F365Plus-winterhalter.jpg?fit=800%2C800&ssl=1",800,800,true],"1536x1536":["https:\/\/i0.wp.com\/matopro.fr\/wp-content\/uploads\/2023\/04\/F365Plus-winterhalter.jpg?fit=800%2C800&ssl=1",800,800,true],"2048x2048":["https:\/\/i0.wp.com\/matopro.fr\/wp-content\/uploads\/2023\/04\/F365Plus-winterhalter.jpg?fit=800%2C800&ssl=1",800,800,true],"mailpoet_newsletter_max":["https:\/\/i0.wp.com\/matopro.fr\/wp-content\/uploads\/2023\/04\/F365Plus-winterhalter.jpg?fit=800%2C800&ssl=1",800,800,true],"woocommerce_thumbnail":["https:\/\/i0.wp.com\/matopro.fr\/wp-content\/uploads\/2023\/04\/F365Plus-winterhalter.jpg?resize=300%2C300&ssl=1",300,300,true],"woocommerce_single":["https:\/\/i0.wp.com\/matopro.fr\/wp-content\/uploads\/2023\/04\/F365Plus-winterhalter.jpg?fit=600%2C600&ssl=1",600,600,true],"woocommerce_gallery_thumbnail":["https:\/\/i0.wp.com\/matopro.fr\/wp-content\/uploads\/2023\/04\/F365Plus-winterhalter.jpg?resize=100%2C100&ssl=1",100,100,true],"jetpack-portfolio-admin-thumb":["https:\/\/i0.wp.com\/matopro.fr\/wp-content\/uploads\/2023\/04\/F365Plus-winterhalter.jpg?resize=50%2C50&ssl=1",50,50,true]},"uagb_author_info":{"display_name":"illona laurent","author_link":"https:\/\/matopro.fr\/index.php\/author\/"},"uagb_comment_info":0,"uagb_excerpt":"Convient afin de laver les ustensiles professionnels, pour les boulangeries, les boucheries, les restaurants, les h\u00f4tels et les traiteurs. Particuli\u00e8rement adapt\u00e9 pour le nettoyage des ustensiles tr\u00e8s sales comme les r\u00e9cipients, bois, plaques de cuisson, contenants de livraison, plateaux, pots et casseroles. Performant contre les salissures prot\u00e9in\u00e9es et les graisses. Convient pour tous types de\u2026","jetpack_sharing_enabled":false,"jetpack-related-posts":[{"id":311,"url":"https:\/\/matopro.fr\/index.php\/produit\/f-300-25-kg\/","url_meta":{"origin":313,"position":0},"title":"F 300 &#8211; 25 kg","author":"illona laurent","date":"20 avril 2023","format":false,"excerpt":"Ce\u00a0d\u00e9tergent\u00a0\u00e0 base de chlore actif est adapt\u00e9 au lavage des t\u00e2ches les plus tenaces, des fl\u00fbtes \u00e0 champagne aux chopes de bi\u00e8re en passant par les tasses de th\u00e9 ou de caf\u00e9 votre\u00a0vaisselle\u00a0sera impeccable La garantie d'une brillance \u00e9clatante sur l'argent et l'acier inoxydable pour un nettoyage des couverts tout\u2026","rel":"","context":"Article similaire","block_context":{"text":"Article similaire","link":""},"img":{"alt_text":"f-300-25-kg","src":"https:\/\/i0.wp.com\/matopro.fr\/wp-content\/uploads\/2023\/04\/F300-25kg-winterhalter.jpg?fit=572%2C800&ssl=1&resize=350%2C200","width":350,"height":200,"srcset":"https:\/\/i0.wp.com\/matopro.fr\/wp-content\/uploads\/2023\/04\/F300-25kg-winterhalter.jpg?fit=572%2C800&ssl=1&resize=350%2C200 1x, https:\/\/i0.wp.com\/matopro.fr\/wp-content\/uploads\/2023\/04\/F300-25kg-winterhalter.jpg?fit=572%2C800&ssl=1&resize=525%2C300 1.5x"},"classes":[]},{"id":309,"url":"https:\/\/matopro.fr\/index.php\/produit\/f-300-12-kg\/","url_meta":{"origin":313,"position":1},"title":"F 300 &#8211; 12 kg","author":"illona laurent","date":"20 avril 2023","format":false,"excerpt":"Ce\u00a0d\u00e9tergent\u00a0\u00e0 base de chlore actif est adapt\u00e9 au lavage des t\u00e2ches les plus tenaces, des fl\u00fbtes \u00e0 champagne aux chopes de bi\u00e8re en passant par les tasses de th\u00e9 ou de caf\u00e9 votre\u00a0vaisselle\u00a0sera impeccable La garantie d\u2019une brillance \u00e9clatante sur l\u2019argent et l\u2019acier inoxydable pour un nettoyage des couverts tout\u2026","rel":"","context":"Article similaire","block_context":{"text":"Article similaire","link":""},"img":{"alt_text":"f-300-12-kg","src":"https:\/\/i0.wp.com\/matopro.fr\/wp-content\/uploads\/2023\/04\/F300-winterhalter.png?fit=520%2C300&ssl=1&resize=350%2C200","width":350,"height":200},"classes":[]},{"id":465,"url":"https:\/\/matopro.fr\/index.php\/produit\/f-300-5-l\/","url_meta":{"origin":313,"position":2},"title":"F 300 &#8211; 5 L","author":"illona laurent","date":"3 mai 2023","format":false,"excerpt":"Ce\u00a0d\u00e9tergent\u00a0\u00e0 base de chlore actif est adapt\u00e9 au lavage des t\u00e2ches les plus tenaces, des fl\u00fbtes \u00e0 champagne aux chopes de bi\u00e8re en passant par les tasses de th\u00e9 ou de caf\u00e9 votre\u00a0vaisselle\u00a0sera impeccable La garantie d\u2019une brillance \u00e9clatante sur l\u2019argent et l\u2019acier inoxydable pour un nettoyage des couverts tout\u2026","rel":"","context":"Article similaire","block_context":{"text":"Article similaire","link":""},"img":{"alt_text":"f-300-5-l","src":"https:\/\/i0.wp.com\/matopro.fr\/wp-content\/uploads\/2023\/05\/F300-5L-winterhalter.jpeg?fit=756%2C1012&ssl=1&resize=350%2C200","width":350,"height":200,"srcset":"https:\/\/i0.wp.com\/matopro.fr\/wp-content\/uploads\/2023\/05\/F300-5L-winterhalter.jpeg?fit=756%2C1012&ssl=1&resize=350%2C200 1x, https:\/\/i0.wp.com\/matopro.fr\/wp-content\/uploads\/2023\/05\/F300-5L-winterhalter.jpeg?fit=756%2C1012&ssl=1&resize=525%2C300 1.5x, https:\/\/i0.wp.com\/matopro.fr\/wp-content\/uploads\/2023\/05\/F300-5L-winterhalter.jpeg?fit=756%2C1012&ssl=1&resize=700%2C400 2x"},"classes":[]},{"id":473,"url":"https:\/\/matopro.fr\/index.php\/produit\/f-6800\/","url_meta":{"origin":313,"position":3},"title":"F 6800 25KG","author":"illona laurent","date":"3 mai 2023","format":false,"excerpt":"D\u00e9tergent liquide fortement alcalin, \u00e0 fort pouvoir dissolvant. Produit disponible seulement en bidon de 25 kg.","rel":"","context":"Article similaire","block_context":{"text":"Article similaire","link":""},"img":{"alt_text":"f-6800","src":"https:\/\/i0.wp.com\/matopro.fr\/wp-content\/uploads\/2023\/05\/f6800-winterhalter.png?fit=375%2C505&ssl=1&resize=350%2C200","width":350,"height":200},"classes":[]},{"id":485,"url":"https:\/\/matopro.fr\/index.php\/produit\/a20-st\/","url_meta":{"origin":313,"position":4},"title":"A20 ST","author":"illona laurent","date":"3 mai 2023","format":false,"excerpt":"Convient pour le nettoyage de base en machine de la vaisselle et des couverts. Le produit doit \u00eatre utilis\u00e9 comme d\u00e9tergent de base uniquement dans le programme de lavage pr\u00e9vu \u00e0 cet effet. Il permet un nettoyage m\u00e9canique rapide et \u00e9conomique. Produit disponible seulement en 1 kg. \u00a0","rel":"","context":"Article similaire","block_context":{"text":"Article similaire","link":""},"img":{"alt_text":"","src":"https:\/\/i0.wp.com\/matopro.fr\/wp-content\/uploads\/2023\/05\/a20-st-winterhalter.jpg?fit=290%2C600&ssl=1&resize=350%2C200","width":350,"height":200},"classes":[]},{"id":479,"url":"https:\/\/matopro.fr\/index.php\/produit\/a70-ls-12-kg\/","url_meta":{"origin":313,"position":5},"title":"A 70 LS &#8211; 12 kg","author":"illona laurent","date":"3 mai 2023","format":false,"excerpt":"Un r\u00e9sultat de lavage id\u00e9al requiert des produits de lavage et de rin\u00e7age parfaitement adapt\u00e9s \u00e0 la vaisselle, \u00e0 son degr\u00e9 de salissure, aux dispositions en mati\u00e8re d\u2019hygi\u00e8ne et bien entendu au lave-vaisselle. Produit disponible en bidon de 12 kg et de 5 L.","rel":"","context":"Article similaire","block_context":{"text":"Article similaire","link":""},"img":{"alt_text":"a70-ls","src":"https:\/\/i0.wp.com\/matopro.fr\/wp-content\/uploads\/2023\/05\/a70-ls-winterhalter.jpg?fit=600%2C600&ssl=1&resize=350%2C200","width":350,"height":200,"srcset":"https:\/\/i0.wp.com\/matopro.fr\/wp-content\/uploads\/2023\/05\/a70-ls-winterhalter.jpg?fit=600%2C600&ssl=1&resize=350%2C200 1x, https:\/\/i0.wp.com\/matopro.fr\/wp-content\/uploads\/2023\/05\/a70-ls-winterhalter.jpg?fit=600%2C600&ssl=1&resize=525%2C300 1.5x"},"classes":[]}],"jetpack_likes_enabled":false,"_links":{"self":[{"href":"https:\/\/matopro.fr\/index.php\/wp-json\/wp\/v2\/product\/313","targetHints":{"allow":["GET"]}}],"collection":[{"href":"https:\/\/matopro.fr\/index.php\/wp-json\/wp\/v2\/product"}],"about":[{"href":"https:\/\/matopro.fr\/index.php\/wp-json\/wp\/v2\/types\/product"}],"replies":[{"embeddable":true,"href":"https:\/\/matopro.fr\/index.php\/wp-json\/wp\/v2\/comments?post=313"}],"wp:featuredmedia":[{"embeddable":true,"href":"https:\/\/matopro.fr\/index.php\/wp-json\/wp\/v2\/media\/314"}],"wp:attachment":[{"href":"https:\/\/matopro.fr\/index.php\/wp-json\/wp\/v2\/media?parent=313"}],"wp:term":[{"taxonomy":"product_brand","embeddable":true,"href":"https:\/\/matopro.fr\/index.php\/wp-json\/wp\/v2\/product_brand?post=313"},{"taxonomy":"product_cat","embeddable":true,"href":"https:\/\/matopro.fr\/index.php\/wp-json\/wp\/v2\/product_cat?post=313"},{"taxonomy":"product_tag","embeddable":true,"href":"https:\/\/matopro.fr\/index.php\/wp-json\/wp\/v2\/product_tag?post=313"}],"curies":[{"name":"wp","href":"https:\/\/api.w.org\/{rel}","templated":true}]}}