{"id":302,"date":"2023-04-20T14:22:25","date_gmt":"2023-04-20T12:22:25","guid":{"rendered":"https:\/\/matopro.fr\/index.php\/produit\/hoodie-with-logo-3\/"},"modified":"2025-08-13T09:24:50","modified_gmt":"2025-08-13T07:24:50","slug":"b-100-n-5-l","status":"publish","type":"product","link":"https:\/\/matopro.fr\/index.php\/produit\/b-100-n-5-l\/","title":{"rendered":"B 100 N &#8211; 5 L"},"content":{"rendered":"<p>Principales caract\u00e9ristiques du liquide de rin\u00e7age B 100 N &#8211; 5 L :<\/p>\n<p>R\u00e9f.20000331<\/p>\n<ul>\n<li>pH neutre<\/li>\n<li>Garantit un s\u00e9chage rapide qui ne laisse pas de marques<\/li>\n<li>Excellentes propri\u00e9t\u00e9s de s\u00e9chage pour le verre et le plastique<\/li>\n<li>Id\u00e9alement associ\u00e9 \u00e0 l&rsquo;eau osmos\u00e9e\u00a0: pour des verres qui n&rsquo;ont plus besoin d&rsquo;\u00eatre essuy\u00e9s<\/li>\n<\/ul>\n<p>Tous les emballages Winterhalter sont enti\u00e8rement <strong>recyclables<\/strong> et ses ingr\u00e9dients compl\u00e8tement <strong>biod\u00e9gradables<\/strong>.<\/p>\n","protected":false},"excerpt":{"rendered":"<p>Liquide de rin\u00e7age universel et hautement concentr\u00e9. Il vous permettra d\u2019obtenir une finition parfaite et un excellent s\u00e9chage. Associ\u00e9e \u00e0 de l\u2019eau osmos\u00e9e, vos couvert n\u2019auront plus besoin d\u2019\u00eatre essuy\u00e9s.<\/p>\n<p>Le produit est disponible en bidon de 5 L et de 10 L.<\/p>\n","protected":false},"featured_media":425,"comment_status":"open","ping_status":"closed","template":"","meta":{"_uag_custom_page_level_css":"","swt_meta_header_display":false,"swt_meta_footer_display":false,"swt_meta_site_title_display":true,"swt_meta_sticky_header":false,"swt_meta_transparent_header":false,"advanced_seo_description":"","jetpack_seo_html_title":"","jetpack_seo_noindex":false,"jetpack_post_was_ever_published":false,"jetpack_publicize_message":"","jetpack_publicize_feature_enabled":true,"jetpack_social_post_already_shared":true,"jetpack_social_options":{"image_generator_settings":{"template":"highway","default_image_id":0,"font":"","enabled":false},"version":2}},"product_brand":[],"product_cat":[39,58],"product_tag":[54],"class_list":{"0":"post-302","1":"product","2":"type-product","3":"status-publish","4":"has-post-thumbnail","6":"product_cat-liquides-de-rincage","7":"product_cat-produits-lessiviels","8":"product_tag-winterhalter","10":"first","11":"instock","12":"taxable","13":"shipping-taxable","14":"purchasable","15":"product-type-simple"},"jetpack_publicize_connections":[],"uagb_featured_image_src":{"full":["https:\/\/i0.wp.com\/matopro.fr\/wp-content\/uploads\/2023\/04\/075314C4-1E71-4819-B8E4-A04CA7694217.jpeg?fit=800%2C800&ssl=1",800,800,false],"thumbnail":["https:\/\/i0.wp.com\/matopro.fr\/wp-content\/uploads\/2023\/04\/075314C4-1E71-4819-B8E4-A04CA7694217.jpeg?resize=150%2C150&ssl=1",150,150,true],"medium":["https:\/\/i0.wp.com\/matopro.fr\/wp-content\/uploads\/2023\/04\/075314C4-1E71-4819-B8E4-A04CA7694217.jpeg?fit=300%2C300&ssl=1",300,300,true],"medium_large":["https:\/\/i0.wp.com\/matopro.fr\/wp-content\/uploads\/2023\/04\/075314C4-1E71-4819-B8E4-A04CA7694217.jpeg?fit=768%2C768&ssl=1",768,768,true],"large":["https:\/\/i0.wp.com\/matopro.fr\/wp-content\/uploads\/2023\/04\/075314C4-1E71-4819-B8E4-A04CA7694217.jpeg?fit=800%2C800&ssl=1",800,800,true],"1536x1536":["https:\/\/i0.wp.com\/matopro.fr\/wp-content\/uploads\/2023\/04\/075314C4-1E71-4819-B8E4-A04CA7694217.jpeg?fit=800%2C800&ssl=1",800,800,true],"2048x2048":["https:\/\/i0.wp.com\/matopro.fr\/wp-content\/uploads\/2023\/04\/075314C4-1E71-4819-B8E4-A04CA7694217.jpeg?fit=800%2C800&ssl=1",800,800,true],"mailpoet_newsletter_max":["https:\/\/i0.wp.com\/matopro.fr\/wp-content\/uploads\/2023\/04\/075314C4-1E71-4819-B8E4-A04CA7694217.jpeg?fit=800%2C800&ssl=1",800,800,true],"woocommerce_thumbnail":["https:\/\/i0.wp.com\/matopro.fr\/wp-content\/uploads\/2023\/04\/075314C4-1E71-4819-B8E4-A04CA7694217.jpeg?resize=300%2C300&ssl=1",300,300,true],"woocommerce_single":["https:\/\/i0.wp.com\/matopro.fr\/wp-content\/uploads\/2023\/04\/075314C4-1E71-4819-B8E4-A04CA7694217.jpeg?fit=600%2C600&ssl=1",600,600,true],"woocommerce_gallery_thumbnail":["https:\/\/i0.wp.com\/matopro.fr\/wp-content\/uploads\/2023\/04\/075314C4-1E71-4819-B8E4-A04CA7694217.jpeg?resize=100%2C100&ssl=1",100,100,true],"jetpack-portfolio-admin-thumb":["https:\/\/i0.wp.com\/matopro.fr\/wp-content\/uploads\/2023\/04\/075314C4-1E71-4819-B8E4-A04CA7694217.jpeg?resize=50%2C50&ssl=1",50,50,true]},"uagb_author_info":{"display_name":"illona laurent","author_link":"https:\/\/matopro.fr\/index.php\/author\/"},"uagb_comment_info":0,"uagb_excerpt":"Liquide de rin\u00e7age universel et hautement concentr\u00e9. Il vous permettra d\u2019obtenir une finition parfaite et un excellent s\u00e9chage. Associ\u00e9e \u00e0 de l\u2019eau osmos\u00e9e, vos couvert n\u2019auront plus besoin d\u2019\u00eatre essuy\u00e9s. Le produit est disponible en bidon de 5 L et de 10 L.","jetpack_sharing_enabled":false,"jetpack-related-posts":[{"id":305,"url":"https:\/\/matopro.fr\/index.php\/produit\/b-100-n-10-l\/","url_meta":{"origin":302,"position":0},"title":"B 100 N &#8211; 10 L","author":"illona laurent","date":"20 avril 2023","format":false,"excerpt":"Liquide de rin\u00e7age universel et hautement concentr\u00e9. Il vous permettra d\u2019obtenir une finition parfaite et un excellent s\u00e9chage. Associ\u00e9e \u00e0 de l\u2019eau osmos\u00e9e, vos couvert n\u2019auront plus besoin d\u2019\u00eatre essuy\u00e9s. Produit disponible en bidon de 10 L et de 5 L.","rel":"","context":"Article similaire","block_context":{"text":"Article similaire","link":""},"img":{"alt_text":"b-100-n-10-l","src":"https:\/\/i0.wp.com\/matopro.fr\/wp-content\/uploads\/2023\/04\/B100N-winterhalter.png?fit=520%2C300&ssl=1&resize=350%2C200","width":350,"height":200},"classes":[]},{"id":318,"url":"https:\/\/matopro.fr\/index.php\/produit\/b-170-xd\/","url_meta":{"origin":302,"position":1},"title":"B 170 XD 1L","author":"illona laurent","date":"20 avril 2023","format":false,"excerpt":"Liquide de rin\u00e7age neutre hautement concentr\u00e9 avec acc\u00e9l\u00e9rateur de s\u00e9chage sp\u00e9cialement con\u00e7u pour les syst\u00e8mes r\u00e9utilisables autour des gobelets et couvercles en plastique.\u00a0De plus, il peut \u00e9galement \u00eatre utilis\u00e9 pour laver les verres, la vaisselle, les couverts et les ustensiles de cuisine. Garantie d'une brillance sans traces et 100% biod\u00e9gradable.\u2026","rel":"","context":"Article similaire","block_context":{"text":"Article similaire","link":""},"img":{"alt_text":"b-170-xd","src":"https:\/\/i0.wp.com\/matopro.fr\/wp-content\/uploads\/2023\/04\/B170-xd-winterhalter-removebg-preview.png?fit=433%2C577&ssl=1&resize=350%2C200","width":350,"height":200},"classes":[]},{"id":475,"url":"https:\/\/matopro.fr\/index.php\/produit\/b-200-s\/","url_meta":{"origin":302,"position":2},"title":"B 200 S","author":"illona laurent","date":"3 mai 2023","format":false,"excerpt":"Particuli\u00e8rement adapt\u00e9 aux pi\u00e8ces de vaisselle difficilement mouillables en l'acier inoxydable et le plastique. Produit disponible seulement en bidon de 10 L.","rel":"","context":"Article similaire","block_context":{"text":"Article similaire","link":""},"img":{"alt_text":"b-200-s","src":"https:\/\/i0.wp.com\/matopro.fr\/wp-content\/uploads\/2023\/05\/b200-s-winterhalter-1.webp?fit=1042%2C1042&ssl=1&resize=350%2C200","width":350,"height":200,"srcset":"https:\/\/i0.wp.com\/matopro.fr\/wp-content\/uploads\/2023\/05\/b200-s-winterhalter-1.webp?fit=1042%2C1042&ssl=1&resize=350%2C200 1x, https:\/\/i0.wp.com\/matopro.fr\/wp-content\/uploads\/2023\/05\/b200-s-winterhalter-1.webp?fit=1042%2C1042&ssl=1&resize=525%2C300 1.5x, https:\/\/i0.wp.com\/matopro.fr\/wp-content\/uploads\/2023\/05\/b200-s-winterhalter-1.webp?fit=1042%2C1042&ssl=1&resize=700%2C400 2x"},"classes":[]},{"id":324,"url":"https:\/\/matopro.fr\/index.php\/produit\/brilliant-dry\/","url_meta":{"origin":302,"position":3},"title":"Brilliant Dry 1L","author":"illona laurent","date":"20 avril 2023","format":false,"excerpt":"Pour une vaisselle, des couverts et des verres brillants et propre gr\u00e2ce \u00e0 la forte efficacit\u00e9 de l'acide citrique. Convient \u00e0 tous les mat\u00e9riaux tels que le verre, la porcelaine, le plastique, l'aluminium ou encore l'acier inoxydable.","rel":"","context":"Article similaire","block_context":{"text":"Article similaire","link":""},"img":{"alt_text":"brilliant-dry","src":"https:\/\/i0.wp.com\/matopro.fr\/wp-content\/uploads\/2023\/04\/brillant-dry-neodisher-1.jpg?fit=669%2C669&ssl=1&resize=350%2C200","width":350,"height":200,"srcset":"https:\/\/i0.wp.com\/matopro.fr\/wp-content\/uploads\/2023\/04\/brillant-dry-neodisher-1.jpg?fit=669%2C669&ssl=1&resize=350%2C200 1x, https:\/\/i0.wp.com\/matopro.fr\/wp-content\/uploads\/2023\/04\/brillant-dry-neodisher-1.jpg?fit=669%2C669&ssl=1&resize=525%2C300 1.5x"},"classes":[]},{"id":315,"url":"https:\/\/matopro.fr\/index.php\/produit\/b-165-ne\/","url_meta":{"origin":302,"position":4},"title":"B 165 NE 10 KG","author":"illona laurent","date":"20 avril 2023","format":false,"excerpt":"Produit de rin\u00e7age hautement concentr\u00e9 pour \u00e9viter la formation de mousse. Convient \u00e0 tous les types de verrerie, y compris celles d\u00e9cor\u00e9es. Aussi, il permet de s\u00e9cher les verres rapidement et sans taches tout en \u00e9vitant la formation d'odeurs. Produit disponible seulement en 10L.","rel":"","context":"Article similaire","block_context":{"text":"Article similaire","link":""},"img":{"alt_text":"b-165-ne","src":"https:\/\/i0.wp.com\/matopro.fr\/wp-content\/uploads\/2023\/04\/B165ne-winterhalter.webp?fit=520%2C300&ssl=1&resize=350%2C200","width":350,"height":200},"classes":[]},{"id":467,"url":"https:\/\/matopro.fr\/index.php\/produit\/f-420-e-5-l\/","url_meta":{"origin":302,"position":5},"title":"F 420 e &#8211; 5 L","author":"illona laurent","date":"3 mai 2023","format":false,"excerpt":"Le d\u00e9tergent F420e est un d\u00e9tergent liquide alcalin pour la vaisselle et les verres, particuli\u00e8rement adapt\u00e9 \u00e0 une eau dure sans NTA. Il est adapt\u00e9 aux lave verres avec osmoseur pour arr\u00eater les essuyages. Ce produit est certifi\u00e9 conforme au label \u00e9cologique europ\u00e9en \u2013 EU Ecolabel. Produit disponible en bidon\u2026","rel":"","context":"Article similaire","block_context":{"text":"Article similaire","link":""},"img":{"alt_text":"f-420-e-5-l","src":"https:\/\/i0.wp.com\/matopro.fr\/wp-content\/uploads\/2023\/05\/f420-5l-winterhalter.jpg?fit=1000%2C1000&ssl=1&resize=350%2C200","width":350,"height":200,"srcset":"https:\/\/i0.wp.com\/matopro.fr\/wp-content\/uploads\/2023\/05\/f420-5l-winterhalter.jpg?fit=1000%2C1000&ssl=1&resize=350%2C200 1x, https:\/\/i0.wp.com\/matopro.fr\/wp-content\/uploads\/2023\/05\/f420-5l-winterhalter.jpg?fit=1000%2C1000&ssl=1&resize=525%2C300 1.5x, https:\/\/i0.wp.com\/matopro.fr\/wp-content\/uploads\/2023\/05\/f420-5l-winterhalter.jpg?fit=1000%2C1000&ssl=1&resize=700%2C400 2x"},"classes":[]}],"jetpack_likes_enabled":false,"_links":{"self":[{"href":"https:\/\/matopro.fr\/index.php\/wp-json\/wp\/v2\/product\/302","targetHints":{"allow":["GET"]}}],"collection":[{"href":"https:\/\/matopro.fr\/index.php\/wp-json\/wp\/v2\/product"}],"about":[{"href":"https:\/\/matopro.fr\/index.php\/wp-json\/wp\/v2\/types\/product"}],"replies":[{"embeddable":true,"href":"https:\/\/matopro.fr\/index.php\/wp-json\/wp\/v2\/comments?post=302"}],"wp:featuredmedia":[{"embeddable":true,"href":"https:\/\/matopro.fr\/index.php\/wp-json\/wp\/v2\/media\/425"}],"wp:attachment":[{"href":"https:\/\/matopro.fr\/index.php\/wp-json\/wp\/v2\/media?parent=302"}],"wp:term":[{"taxonomy":"product_brand","embeddable":true,"href":"https:\/\/matopro.fr\/index.php\/wp-json\/wp\/v2\/product_brand?post=302"},{"taxonomy":"product_cat","embeddable":true,"href":"https:\/\/matopro.fr\/index.php\/wp-json\/wp\/v2\/product_cat?post=302"},{"taxonomy":"product_tag","embeddable":true,"href":"https:\/\/matopro.fr\/index.php\/wp-json\/wp\/v2\/product_tag?post=302"}],"curies":[{"name":"wp","href":"https:\/\/api.w.org\/{rel}","templated":true}]}}